{"id":10522,"date":"2024-11-02T16:34:00","date_gmt":"2024-11-02T14:34:00","guid":{"rendered":"https:\/\/zooexotika.ee\/toode\/habistat-mini-kookos-blokk-350g\/"},"modified":"2025-10-12T13:51:27","modified_gmt":"2025-10-12T10:51:27","slug":"habistat-mini-kookos-blokk-350g","status":"publish","type":"product","link":"https:\/\/zooexotika.ee\/en\/product\/habistat-mini-kookos-blokk-350g\/","title":{"rendered":"Habistat mini kookos blokk 350g"},"content":{"rendered":"<p>HabiStat Coir Mini Block on kokkusurutud urusubstraadi plokk niiskest keskkonnast p\u00e4rit kaevatav pinnas liikide jaoks.<\/p>\n<p>100% looduslik, orgaaniline ja p\u00e4rineb s\u00e4\u00e4stvatest ressurssidest.<\/p>\n<p>Biolagunev, mittetoksiline, mitteabrasiivne. Niisub kiiresti ja hoiab vett ilma t\u00fchjendamata.<\/p>\n<p>PH5,4- 6,8<\/p>\n","protected":false},"excerpt":{"rendered":"<p>&#8211; Kaevatav substraat<br \/>\n&#8211; 100% looduslik ja orgaaniline<br \/>\n&#8211; Mitteabrasiivne<br \/>\n&#8211; Hoiab vett<\/p>\n","protected":false},"featured_media":10572,"template":"","meta":[],"product_brand":[],"product_cat":[282,292,284],"product_tag":[],"berocket_brand":[],"class_list":{"0":"post-10522","1":"product","2":"type-product","3":"status-publish","4":"has-post-thumbnail","6":"product_cat-equipment","7":"product_cat-other-fillers","8":"product_cat-substrates","11":"instock","12":"taxable","13":"shipping-taxable","14":"purchasable","15":"product-type-simple"},"_links":{"self":[{"href":"https:\/\/zooexotika.ee\/en\/wp-json\/wp\/v2\/product\/10522","targetHints":{"allow":["GET"]}}],"collection":[{"href":"https:\/\/zooexotika.ee\/en\/wp-json\/wp\/v2\/product"}],"about":[{"href":"https:\/\/zooexotika.ee\/en\/wp-json\/wp\/v2\/types\/product"}],"wp:featuredmedia":[{"embeddable":true,"href":"https:\/\/zooexotika.ee\/en\/wp-json\/wp\/v2\/media\/10572"}],"wp:attachment":[{"href":"https:\/\/zooexotika.ee\/en\/wp-json\/wp\/v2\/media?parent=10522"}],"wp:term":[{"taxonomy":"product_brand","embeddable":true,"href":"https:\/\/zooexotika.ee\/en\/wp-json\/wp\/v2\/product_brand?post=10522"},{"taxonomy":"product_cat","embeddable":true,"href":"https:\/\/zooexotika.ee\/en\/wp-json\/wp\/v2\/product_cat?post=10522"},{"taxonomy":"product_tag","embeddable":true,"href":"https:\/\/zooexotika.ee\/en\/wp-json\/wp\/v2\/product_tag?post=10522"},{"taxonomy":"berocket_brand","embeddable":true,"href":"https:\/\/zooexotika.ee\/en\/wp-json\/wp\/v2\/berocket_brand?post=10522"}],"curies":[{"name":"wp","href":"https:\/\/api.w.org\/{rel}","templated":true}]}}