{"id":10705,"date":"2024-11-24T16:44:03","date_gmt":"2024-11-24T14:44:03","guid":{"rendered":"https:\/\/zooexotika.ee\/toode\/branch-mount-set-l-must\/"},"modified":"2025-10-08T19:41:25","modified_gmt":"2025-10-08T16:41:25","slug":"branch-mount-set-l-must","status":"publish","type":"product","link":"https:\/\/zooexotika.ee\/en\/product\/branch-mount-set-l-must\/","title":{"rendered":"Branch Mount Set L must"},"content":{"rendered":"<p>Gecko Nutrition Branch Mount Set L on ideaalne t\u00e4iendus teie terraariumile. M\u00f5eldud suurematele ja raskematele gekoliikidele, n\u00e4iteks harjasgekodele. Seda on lihtne paigaldada ja see on saadaval musta, pruuni ja rohelise v\u00e4rvina.<\/p>\n<p>Lihtne kasutada: meie kaussi saab h\u00f5lpsasti okste k\u00fclge kinnitada ja sealt eemaldada, v\u00f5imaldades terraariumis paindlikku positsioneerimist.<\/p>\n<p>Kindel hoidmine: T\u00e4nu tugevatele magnetitele kleepub kauss kindlalt okste v\u00f5i bambuse k\u00fclge, ilma et see libiseks v\u00f5i valguks.<\/p>\n<p>Atraktiivne disain: oma elegantse v\u00e4limusega sobib kauss ideaalselt igasse terraariumisse ja parandab v\u00e4limust.<\/p>\n<p>Kahjutud materjalid: kauss on valmistatud toidukindlast materjalist ja on teie gekodele ohutu.<\/p>\n<p>Lihtne puhastada: kaussi on lihtne puhastada, mis muudab h\u00fcgieeni terraariumis lihtsamaks.<\/p>\n<p>S\u00e4\u00e4stev: korduvkasutatav ja vastupidav kauss pakub keskkonnas\u00f5bralikku lahendust.<\/p>\n<p>Mugav t\u00e4itmine: Kaasasolevad tarvikud v\u00f5imaldavad kausi h\u00f5lpsalt t\u00e4ita v\u00e4ljaspool terraariumit.<\/p>\n<p>Aja kokkuhoid: lihtne toitmine annab teile rohkem aega oma gekode eest hoolitsemiseks ja j\u00e4lgimiseks.<\/p>\n<p>Branch Mounti komplekt sisaldab:<br \/>\n1 x kauss L (mahutavus 16 ml)<br \/>\n1 x haru kinnitus L<br \/>\n2 x hoides t\u00e4ppe<br \/>\n4 x t\u00f5mblukk (sobivas v\u00e4rvitoonis)<\/p>\n<p>Valmistatud Saksamaal.<\/p>\n","protected":false},"excerpt":{"rendered":"<p>Gecko Nutrition Branch Mount Set L on ideaalne t\u00e4iendus teie terraariumile. M\u00f5eldud suurematele ja raskematele gekoliikidele, n\u00e4iteks harjasgekodele. Seda on lihtne paigaldada ja see on saadaval musta, pruuni ja rohelise v\u00e4rvina. Lihtne kasutada: meie kaussi saab h\u00f5lpsasti okste k\u00fclge kinnitada ja sealt eemaldada, v\u00f5imaldades terraariumis paindlikku positsioneerimist. Kindel hoidmine: T\u00e4nu tugevatele magnetitele kleepub kauss kindlalt &hellip; <a href=\"https:\/\/zooexotika.ee\/en\/product\/branch-mount-set-l-must\/\" class=\"more-link\">Continue reading <span class=\"screen-reader-text\">Branch Mount Set L must<\/span><\/a><\/p>\n","protected":false},"featured_media":10692,"template":"","meta":[],"product_brand":[],"product_cat":[322,334],"product_tag":[],"berocket_brand":[392],"class_list":{"0":"post-10705","1":"product","2":"type-product","3":"status-publish","4":"has-post-thumbnail","6":"product_cat-accessories","7":"product_cat-feeders","8":"berocket_brand-gecko-nutrition-en","11":"instock","12":"taxable","13":"shipping-taxable","14":"purchasable","15":"product-type-simple"},"_links":{"self":[{"href":"https:\/\/zooexotika.ee\/en\/wp-json\/wp\/v2\/product\/10705","targetHints":{"allow":["GET"]}}],"collection":[{"href":"https:\/\/zooexotika.ee\/en\/wp-json\/wp\/v2\/product"}],"about":[{"href":"https:\/\/zooexotika.ee\/en\/wp-json\/wp\/v2\/types\/product"}],"wp:featuredmedia":[{"embeddable":true,"href":"https:\/\/zooexotika.ee\/en\/wp-json\/wp\/v2\/media\/10692"}],"wp:attachment":[{"href":"https:\/\/zooexotika.ee\/en\/wp-json\/wp\/v2\/media?parent=10705"}],"wp:term":[{"taxonomy":"product_brand","embeddable":true,"href":"https:\/\/zooexotika.ee\/en\/wp-json\/wp\/v2\/product_brand?post=10705"},{"taxonomy":"product_cat","embeddable":true,"href":"https:\/\/zooexotika.ee\/en\/wp-json\/wp\/v2\/product_cat?post=10705"},{"taxonomy":"product_tag","embeddable":true,"href":"https:\/\/zooexotika.ee\/en\/wp-json\/wp\/v2\/product_tag?post=10705"},{"taxonomy":"berocket_brand","embeddable":true,"href":"https:\/\/zooexotika.ee\/en\/wp-json\/wp\/v2\/berocket_brand?post=10705"}],"curies":[{"name":"wp","href":"https:\/\/api.w.org\/{rel}","templated":true}]}}