{"id":10711,"date":"2024-11-24T14:13:52","date_gmt":"2024-11-24T12:13:52","guid":{"rendered":"https:\/\/zooexotika.ee\/toode\/arcadia-reflector-clamp-lamp-with-ceramic-holder-e27-graphite-20cm\/"},"modified":"2025-09-11T13:21:47","modified_gmt":"2025-09-11T10:21:47","slug":"arcadia-reflector-clamp-lamp-with-ceramic-holder-e27-graphite-20cm","status":"publish","type":"product","link":"https:\/\/zooexotika.ee\/en\/product\/arcadia-reflector-clamp-lamp-with-ceramic-holder-e27-graphite-20cm\/","title":{"rendered":"Arcadia Reflector Clamp Lamp with Ceramic Holder (E27), Graphite 20cm"},"content":{"rendered":"<p>Arcadia roomajate reflektorklambri lamp on t\u00e4ielikult kaasasolev komplekt, mis sisaldab k\u00f5ike, mida vajate Mercury auru- ja soojuslampide turvaliseks kasutamiseks avatud laua kohal v\u00f5i vivaariumi sees koos tasuta vivaariumi liitmike komplektiga.<\/p>\n<p>Saadaval grafiidi v\u00f5i roostevabast terasest v\u00e4rvitoonis.<\/p>\n<p>Grafiitviimistlus on klanitud, m\u00e4rkamatu ja atraktiivne kodus. Sellel kvaliteetsel stiilsel v\u00e4rvil on kaasaegne matt viimistlus ja see muudab pigmentide v\u00e4ljav\u00f5tmisel erinevas valguses pisut v\u00e4rvi.<\/p>\n<p>Arcadia Reptile reflektorklambri lambikomplekt j\u00e4rgib uusimaid CE-standardeid ja sisaldab lukustusmutrit l\u00e4bivat polti.<\/p>\n<p>See stiilne komplekt aitab kaitsta lampe, loomi ja kasutajaid. See nii isoleerib kui peegeldab soojuslampe, tagades, et v\u00f5imalikult palju energiat liiguks ettepoole, seda saab kasutada ka kompaktsete UV-B lampidega ja v\u00f5ib UV-B projektsiooni kuni 100% suurendada v\u00f5rreldes mittepeegelduvate lampidega. lamp.<\/p>\n<p>See on t\u00e4ielik komplekt, mis sisaldab k\u00f5ike ohutuks liikumiseks vajalikku; see sisaldab Arcadia vivarium kinnitusklambrit ja h\u00f5lpsasti paigaldatavat riputusklambrit.<\/p>\n<p>Saab kasutada paljude kuni 250 W lampidega, sealhulgas SolarBaskingi soojuslambid, halogeenlambid, DHP, D3 peesituslambid, CHE ja kompaktlambid.<\/p>\n","protected":false},"excerpt":{"rendered":"<p>&#8211; Stiilne ja stiilne eritellimusel v\u00e4rv<br \/>\n&#8211; T\u00e4ielikult uuendatud ohutusfunktsioonid vastavalt uusimale CE-standardile<br \/>\n&#8211; Mitmesuunaline polt l\u00e4bi klambriluku, Vivariumi kinnitusklamber, riputusaas, turvapuur, l\u00fcliti<br \/>\n&#8211; Saadaval grafiidist v\u00f5i alumiiniumist<\/p>\n","protected":false},"featured_media":10661,"template":"","meta":[],"product_brand":[],"product_cat":[282,308,306],"product_tag":[],"berocket_brand":[398],"class_list":{"0":"post-10711","1":"product","2":"type-product","3":"status-publish","4":"has-post-thumbnail","6":"product_cat-equipment","7":"product_cat-lamp-holder","8":"product_cat-lamps","9":"berocket_brand-arcadia-en","12":"instock","13":"taxable","14":"shipping-taxable","15":"purchasable","16":"product-type-simple"},"_links":{"self":[{"href":"https:\/\/zooexotika.ee\/en\/wp-json\/wp\/v2\/product\/10711","targetHints":{"allow":["GET"]}}],"collection":[{"href":"https:\/\/zooexotika.ee\/en\/wp-json\/wp\/v2\/product"}],"about":[{"href":"https:\/\/zooexotika.ee\/en\/wp-json\/wp\/v2\/types\/product"}],"wp:featuredmedia":[{"embeddable":true,"href":"https:\/\/zooexotika.ee\/en\/wp-json\/wp\/v2\/media\/10661"}],"wp:attachment":[{"href":"https:\/\/zooexotika.ee\/en\/wp-json\/wp\/v2\/media?parent=10711"}],"wp:term":[{"taxonomy":"product_brand","embeddable":true,"href":"https:\/\/zooexotika.ee\/en\/wp-json\/wp\/v2\/product_brand?post=10711"},{"taxonomy":"product_cat","embeddable":true,"href":"https:\/\/zooexotika.ee\/en\/wp-json\/wp\/v2\/product_cat?post=10711"},{"taxonomy":"product_tag","embeddable":true,"href":"https:\/\/zooexotika.ee\/en\/wp-json\/wp\/v2\/product_tag?post=10711"},{"taxonomy":"berocket_brand","embeddable":true,"href":"https:\/\/zooexotika.ee\/en\/wp-json\/wp\/v2\/berocket_brand?post=10711"}],"curies":[{"name":"wp","href":"https:\/\/api.w.org\/{rel}","templated":true}]}}