{"id":10792,"date":"2024-02-07T12:54:29","date_gmt":"2024-02-07T10:54:29","guid":{"rendered":"https:\/\/zooexotika.ee\/toode\/pangea-gecko-diet-with-fig-insects\/"},"modified":"2026-03-13T13:50:00","modified_gmt":"2026-03-13T11:50:00","slug":"pangea-gecko-diet-with-fig-insects","status":"publish","type":"product","link":"https:\/\/zooexotika.ee\/en\/product\/pangea-gecko-diet-with-fig-insects\/","title":{"rendered":"Pangea Gecko Diet with Fig &#038; Insects"},"content":{"rendered":"<p>Meie uusim geko dieedivalem, millel on h\u00f5rgu viigimarja maitse ja mis on t\u00e4is putukaid. Sellel banaanivabal koostisel on tugev viigimarja l\u00f5hn ja maitse, mis meelitab teie valivaid gekosid t\u00f5eliselt n\u00e4rtsima. Banaanide puudumine sobib suurep\u00e4raselt gekodele, kellele banaanimaitselised toidud ei meeldi.<\/p>\n<p>T\u00c4HELEPANU:<br \/>\nRikastatud kvaliteetsete valkude, vitamiinide ja mineraalidega<br \/>\nT\u00e4ielik harjageko dieet<br \/>\nSuurep\u00e4rane k\u00f5ikidele puuvilju s\u00f6\u00f6vatele liikidele<br \/>\nBanaanivaba dieet<br \/>\nKolme liiki putukaid toidus<br \/>\nGekod armastavad selle maitset<br \/>\nSuurep\u00e4rane valivatele s\u00f6\u00f6jatele<br \/>\nKasutades alusena muid puuvilju, saime lisada dieeti viigimarja, v\u00e4ltides samal ajal oblikhapet. Peamise valguallikana oleme lisanud ritsikad ja musta s\u00f5durik\u00e4rbse vastsed ning oomega-rasvhapete sisalduse suurendamiseks kasvatatud jahuusse. See valem sisaldab enam kui kaks korda rohkem putukaid kui meie algne Pangea Gecko Diet with Insects\u2122 valem.<\/p>\n<p>Pangea Gecko Diet with Fig &amp; Insects\u2122 segud on pisut \u00f5hemad kui teised segud, kuna banaanipulbril puudub paks konsistents, kuid gekodele tundub see \u00f5hem segu meeldivat. Toidukaussides v\u00f5ib lakkumisj\u00e4lgede n\u00e4gemine olla keerulisem, seet\u00f5ttu soovitame alguses pakkuda v\u00e4iksemaid toidukoguseid, et toit kaoks.<\/p>\n<p>JUHISED:<br \/>\nSegage 1 osa pulbrit 2 osa veega ja reguleerige soovitud konsistentsi saavutamiseks. Valmistatud segu s\u00e4ilib k\u00fclmkapis kuni 7 p\u00e4eva. Avatud kuivsegu on hea 6 kuud toatemperatuuril v\u00f5i 1 aasta, kui seda hoida k\u00fclmkapis. Avamata tooted on parimad enne 24 kuud (vt aegumiskuup\u00e4eva). Soovitatav on aeg-ajalt putukaid toita, kuid see on valikuline.<\/p>\n<p>ELUETAPID:<br \/>\nKasv: s\u00f6\u00f6ta iga p\u00e4ev v\u00f5i vaheldumisi elustoiduga<br \/>\nHooldus: toidetakse 3-5 korda n\u00e4dalas<br \/>\nAretus: s\u00f6\u00f6ta iga p\u00e4ev v\u00f5i vaheldumisi elustoiduga<br \/>\nKOOSTISOSAD:<br \/>\nMangopulber, aprikoosipulber, kuivatatud jahuuss, kuivatatud piimavalk (mitsellaarne kaseiin), kuivatatud musta s\u00f5durik\u00e4rbse vastsed, kaltsiumkarbonaat, dikaltsiumfosfaat, linajahu (s\u00e4ilitatud segatud tokoferoolidega), \u00f5unhape, viigimarjapulber, kaaliumsorba. Ksantaankummi, sool, koliinbitartraat, raudp\u00fcrofosfaat, E-vitamiini toidulisand, kuivatatud pruunvetikas, magneesiumoksiid, tsinkgl\u00fckonaat, D3-vitamiini toidulisand, mangaantsitraat, niatsiini toidulisand, riisikliid, A-vitamiini toidulisand, vasgl\u00fckonaat, tiamiinmonoflaviini lisand P\u00fcridoksiinvesinikkloriid, biotiinilisand, D-kaltsiumpantotenaat, vitamiini B12 toidulisand, mineraal\u00f5li, p\u00e4evalilleletsitiin, foolhape<\/p>\n<p>GARANTEERITUD ANAL\u00dc\u00dcS:<br \/>\nToorproteiin Min 22%, Toorrasv Min 5%, Toorkiud max 8%, Niiskus max 6%, Tuhk max 8%<\/p>\n","protected":false},"excerpt":{"rendered":"<p>Meie uusim geko dieedivalem, millel on h\u00f5rgu viigimarja maitse ja mis on t\u00e4is putukaid. Sellel banaanivabal koostisel on tugev viigimarja l\u00f5hn ja maitse, mis meelitab teie valivaid gekosid t\u00f5eliselt n\u00e4rtsima. Banaanide puudumine sobib suurep\u00e4raselt gekodele, kellele banaanimaitselised toidud ei meeldi. T\u00c4HELEPANU: Rikastatud kvaliteetsete valkude, vitamiinide ja mineraalidega T\u00e4ielik harjageko dieet Suurep\u00e4rane k\u00f5ikidele puuvilju s\u00f6\u00f6vatele liikidele &hellip; <a href=\"https:\/\/zooexotika.ee\/en\/product\/pangea-gecko-diet-with-fig-insects\/\" class=\"more-link\">Continue reading <span class=\"screen-reader-text\">Pangea Gecko Diet with Fig &#038; Insects<\/span><\/a><\/p>\n","protected":false},"featured_media":11172,"template":"","meta":[],"product_brand":[],"product_cat":[242,240],"product_tag":[],"berocket_brand":[943],"class_list":{"0":"post-10792","1":"product","2":"type-product","3":"status-publish","4":"has-post-thumbnail","6":"product_cat-crested-gecko-diet","7":"product_cat-dry-food","8":"berocket_brand-pangea-gecko-diet-en","11":"instock","12":"taxable","13":"shipping-taxable","14":"purchasable","15":"product-type-variable"},"_links":{"self":[{"href":"https:\/\/zooexotika.ee\/en\/wp-json\/wp\/v2\/product\/10792","targetHints":{"allow":["GET"]}}],"collection":[{"href":"https:\/\/zooexotika.ee\/en\/wp-json\/wp\/v2\/product"}],"about":[{"href":"https:\/\/zooexotika.ee\/en\/wp-json\/wp\/v2\/types\/product"}],"wp:featuredmedia":[{"embeddable":true,"href":"https:\/\/zooexotika.ee\/en\/wp-json\/wp\/v2\/media\/11172"}],"wp:attachment":[{"href":"https:\/\/zooexotika.ee\/en\/wp-json\/wp\/v2\/media?parent=10792"}],"wp:term":[{"taxonomy":"product_brand","embeddable":true,"href":"https:\/\/zooexotika.ee\/en\/wp-json\/wp\/v2\/product_brand?post=10792"},{"taxonomy":"product_cat","embeddable":true,"href":"https:\/\/zooexotika.ee\/en\/wp-json\/wp\/v2\/product_cat?post=10792"},{"taxonomy":"product_tag","embeddable":true,"href":"https:\/\/zooexotika.ee\/en\/wp-json\/wp\/v2\/product_tag?post=10792"},{"taxonomy":"berocket_brand","embeddable":true,"href":"https:\/\/zooexotika.ee\/en\/wp-json\/wp\/v2\/berocket_brand?post=10792"}],"curies":[{"name":"wp","href":"https:\/\/api.w.org\/{rel}","templated":true}]}}