{"id":10798,"date":"2024-02-07T12:42:19","date_gmt":"2024-02-07T10:42:19","guid":{"rendered":"https:\/\/zooexotika.ee\/toode\/pangea-gecko-diet-with-watermelon\/"},"modified":"2026-02-27T22:19:56","modified_gmt":"2026-02-27T20:19:56","slug":"pangea-gecko-diet-with-watermelon","status":"publish","type":"product","link":"https:\/\/zooexotika.ee\/en\/product\/pangea-gecko-diet-with-watermelon\/","title":{"rendered":"Pangea Gecko Diet with Watermelon"},"content":{"rendered":"<p>Alates Pangea Gecko Diet with Watermelon\u2122 kasutuselev\u00f5tust 2013. aastal on seda peetud \u00fcheks populaarsemaks harigeko dieediks. See sobib suurep\u00e4raselt gekodele (Rhacodactylusauriculatus), Uus-Kaledoonia hiidgekodele (R. leachianus), sambla-saba-gekodele (Mniarogekko chahoua), p\u00e4evagekodele (Phelsuma spp., Lygodactylus spp., mis s\u00f6\u00f6vad k\u00f5iki teisi puuvilju) ja .geckos. Dieedil on segades imeline arbuusi aroom!<\/p>\n<p>T\u00c4HELEPANU:<br \/>\n\u00dcle 60% sellest dieedist koosneb puuviljadest<br \/>\nValk vadakuvalgu isolaadist ja munavalgetest<br \/>\nEi mingeid seemneid, p\u00e4hkleid ega seemnejahu<br \/>\nLoob entusiastliku toitumisreaktsiooni!<br \/>\nPangea Gecko Diet with Watermelon\u2122 kasutab puuviljade kombinatsiooni, millele teie gekod ei suuda vastu seista! Selle koostamisel on kasutatud ainult k\u00f5rgeima kvaliteediga koostisosi, sealhulgas t\u00e4iesti looduslikke kuivatatud puuvilju, vadakuvalgu isolaati, muna, vetikaid ja palju muud. Koostisosad pakuvad k\u00f5ik vajalikud toitained teie gekode tervislikuks kasvuks ja s\u00e4ilitamiseks. Meie koostisosad on valitud nii, et need sisaldaksid v\u00e4ga v\u00e4ikeses koguses antitoitaineid, nagu oksaalhape ja f\u00fctaadid. Me ei kasuta selles geko puuviljasegus seemneid, p\u00e4hkleid, seemnejahu, teravilja ega k\u00f5rge oksalaadisisaldusega puu- ega k\u00f6\u00f6givilju.<\/p>\n<p>JUHISED:<br \/>\nSegage 1 osa pulbrit 2 osa veega ja reguleerige soovitud konsistentsi saavutamiseks. Valmistatud segu s\u00e4ilib k\u00fclmkapis kuni 7 p\u00e4eva. Avatud kuivsegu on hea 6 kuud toatemperatuuril v\u00f5i 1 aasta, kui seda hoida k\u00fclmkapis. Avamata dieet on parim enne 24 kuud (vt aegumiskuup\u00e4eva). Soovitatav on aeg-ajalt putukaid toita, kuid see on valikuline.<\/p>\n<p>ELUETAPID:<br \/>\nKasv: s\u00f6\u00f6ta iga p\u00e4ev v\u00f5i vaheldumisi elustoiduga<br \/>\nHooldus: s\u00f6\u00f6ta 3-5 korda n\u00e4dalas<br \/>\nAretus: s\u00f6\u00f6ta iga p\u00e4ev v\u00f5i vaheldumisi elustoiduga<br \/>\nKOOSTISOSAD:<br \/>\nBanaanipulber, arbuusipulber, vadakuvalgu isolaat, kuivatatud piimavalk (mitsellaarkaseiin), riisikliid, aprikoosipulber, t\u00e4ismunapulber, dikaltsiumfosfaat, kaltsiumkarbonaat, peedipulber, mangopulber, kaaliumsorbaat, s\u00e4ilitusaine, kaaliumsorbaat, koliini bitart. , ksantaankummi, maltodekstriin, kuivatatud pruunvetikas, magneesiumoksiid, E-vitamiini toidulisand, tsinkgl\u00fckonaat, D3-vitamiini toidulisand, raudp\u00fcrofosfaat, mangaantsitraat, niatsiini toidulisand, vasgl\u00fckonaat, A-vitamiini toidulisand, spirulina, biotiini toidulisand monflaviin, tibomiin, ribomiin, P\u00fcridoksiinvesinikkloriid, D-kaltsiumpantotenaat, B12-vitamiini toidulisand, mineraal\u00f5li, p\u00e4evalilleletsitiin, foolhape<\/p>\n<p>GARANTEERITUD ANAL\u00dc\u00dcS:<br \/>\nToorproteiin Min 21%, Toorrasv Min 4,2%, Toorkiud Max 8%, Niiskus max 6%, Tuhk Max 8%<\/p>\n","protected":false},"excerpt":{"rendered":"<p>Alates Pangea Gecko Diet with Watermelon\u2122 kasutuselev\u00f5tust 2013. aastal on seda peetud \u00fcheks populaarsemaks harigeko dieediks. See sobib suurep\u00e4raselt gekodele (Rhacodactylusauriculatus), Uus-Kaledoonia hiidgekodele (R. leachianus), sambla-saba-gekodele (Mniarogekko chahoua), p\u00e4evagekodele (Phelsuma spp., Lygodactylus spp., mis s\u00f6\u00f6vad k\u00f5iki teisi puuvilju) ja .geckos. Dieedil on segades imeline arbuusi aroom! T\u00c4HELEPANU: \u00dcle 60% sellest dieedist koosneb puuviljadest Valk vadakuvalgu &hellip; <a href=\"https:\/\/zooexotika.ee\/en\/product\/pangea-gecko-diet-with-watermelon\/\" class=\"more-link\">Continue reading <span class=\"screen-reader-text\">Pangea Gecko Diet with Watermelon<\/span><\/a><\/p>\n","protected":false},"featured_media":11169,"template":"","meta":[],"product_brand":[],"product_cat":[242,240],"product_tag":[],"berocket_brand":[943],"class_list":{"0":"post-10798","1":"product","2":"type-product","3":"status-publish","4":"has-post-thumbnail","6":"product_cat-crested-gecko-diet","7":"product_cat-dry-food","8":"berocket_brand-pangea-gecko-diet-en","11":"instock","12":"taxable","13":"shipping-taxable","14":"purchasable","15":"product-type-variable"},"_links":{"self":[{"href":"https:\/\/zooexotika.ee\/en\/wp-json\/wp\/v2\/product\/10798","targetHints":{"allow":["GET"]}}],"collection":[{"href":"https:\/\/zooexotika.ee\/en\/wp-json\/wp\/v2\/product"}],"about":[{"href":"https:\/\/zooexotika.ee\/en\/wp-json\/wp\/v2\/types\/product"}],"wp:featuredmedia":[{"embeddable":true,"href":"https:\/\/zooexotika.ee\/en\/wp-json\/wp\/v2\/media\/11169"}],"wp:attachment":[{"href":"https:\/\/zooexotika.ee\/en\/wp-json\/wp\/v2\/media?parent=10798"}],"wp:term":[{"taxonomy":"product_brand","embeddable":true,"href":"https:\/\/zooexotika.ee\/en\/wp-json\/wp\/v2\/product_brand?post=10798"},{"taxonomy":"product_cat","embeddable":true,"href":"https:\/\/zooexotika.ee\/en\/wp-json\/wp\/v2\/product_cat?post=10798"},{"taxonomy":"product_tag","embeddable":true,"href":"https:\/\/zooexotika.ee\/en\/wp-json\/wp\/v2\/product_tag?post=10798"},{"taxonomy":"berocket_brand","embeddable":true,"href":"https:\/\/zooexotika.ee\/en\/wp-json\/wp\/v2\/berocket_brand?post=10798"}],"curies":[{"name":"wp","href":"https:\/\/api.w.org\/{rel}","templated":true}]}}