{"id":10813,"date":"2024-02-07T11:17:47","date_gmt":"2024-02-07T09:17:47","guid":{"rendered":"https:\/\/zooexotika.ee\/toode\/pangea-papaya-gecko-diet\/"},"modified":"2025-08-30T20:40:20","modified_gmt":"2025-08-30T17:40:20","slug":"pangea-papaya-gecko-diet","status":"publish","type":"product","link":"https:\/\/zooexotika.ee\/en\/product\/pangea-papaya-gecko-diet\/","title":{"rendered":"Pangea Papaya gecko diet"},"content":{"rendered":"<p>Pangea Gecko Diet with Papaya\u2122 on toitumise poolest sarnane toode meie populaarse arbuusivalemiga, kuid sellel on suurem rasvasisaldus ja erinev maitseprofiil. See valem on meie harigekode seas lemmik ja seda s\u00fc\u00fcakse kergesti. Papaia dieeti v\u00f5ib vahetada \u00fcksk\u00f5ik millise Pangea t\u00e4ieliku geko dieediga v\u00f5i toita ainult seda.<\/p>\n<p>T\u00c4HELEPANU:<br \/>\nLemmik harjageko dieetide seas<br \/>\nSuurep\u00e4rane k\u00f5igile puuviljas\u00f6\u00f6jatele gekodele<br \/>\nValmistatud \u00fcle 50% banaanist ja papaiast<br \/>\nValk vadakuvalgu isolaadist ja munavalgetest<br \/>\nEi mingeid seemneid, p\u00e4hkleid ega seemnejahu<br \/>\nGaranteeritud entusiastliku toitumisreaktsiooni tekitamine!<\/p>\n<p>Pangea Gecko Diet koos Papaya\u2122-ga kasutab puuviljade kombinatsiooni, millele teie gekod ei suuda vastu seista. See dieet oli \u00fcks meie esimesi t\u00e4isv\u00e4\u00e4rtuslikke dieete ja p\u00f5hines populaarsel Original Pangea Fruit Mix Treat\u2122-il. Selle koostamisel on kasutatud ainult k\u00f5rgeima kvaliteediga koostisosi, sealhulgas t\u00e4iesti looduslikke USA-s toodetud kuivatatud puuvilju, vadakuvalgu isolaati, vetikaid ja palju muud. Meie koostisosad on valitud nii, et need sisaldaksid v\u00e4ga v\u00e4ikeses koguses antitoitaineid, nagu oksaalhape ja f\u00fctaadid. Me ei kasuta oma tootes seemneid, p\u00e4hkleid, seemnejahu, teravilja ega k\u00f5rge oksalaadisisaldusega puu- ega k\u00f6\u00f6givilju. Arendasime selle toote siin Pangeas ja palkasime Ph.D. loomas\u00f6\u00f6tades, et veenduda, et oleme \u00f5igesti aru saanud.<\/p>\n<p>JUHISED:<\/p>\n<p>Segage 1 osa pulbrit 2 osa veega ja reguleerige soovitud konsistentsi saavutamiseks. Valmistatud segu s\u00e4ilib k\u00fclmkapis kuni 7 p\u00e4eva. Avatud kuivsegu on hea 6 kuud toatemperatuuril v\u00f5i 1 aasta, kui seda hoida k\u00fclmkapis. Avamata tooted on parimad enne 24 kuud (vt aegumiskuup\u00e4eva). Soovitatav on aeg-ajalt putukaid toita, kuid see on valikuline.<\/p>\n<p>ELUETAPID:<br \/>\nKasv: s\u00f6\u00f6ta iga p\u00e4ev v\u00f5i vaheldumisi elustoiduga<br \/>\nHooldus: toidetakse 3-5 korda n\u00e4dalas<br \/>\nAretus: s\u00f6\u00f6ta iga p\u00e4ev v\u00f5i vaheldumisi elustoiduga<\/p>\n<p>&nbsp;<\/p>\n<p>KOOSTISOSAD:<\/p>\n<p>Banaanipulber, riisikliid, papaiapulber, kuivatatud piimavalk (mitsellaarne kaseiin), vadakuvalgu isolaat, dikaltsiumfosfaat, kaaliumsorbaat (s\u00e4ilitusaine), sool, ksantaankummi, koliinbitartraat, maltodekstriin, naturaalne banaani maitseaine, Magneesiumoksiid, E-vitamiini toidulisand, tsinkgl\u00fckonaat, D3-vitamiini toidulisand, raudp\u00fcrofosfaat, mangaantsitraat, niatsiini toidulisand, vasgl\u00fckonaat, A-vitamiini toidulisand, spirulina, biotiini toidulisand, tiamiinmononitraat, riboflaviini toidulisand, p\u00fcridoksiin-h\u00fcdrotiin C-vitamiin, p\u00fcridoksiinh\u00fcdrokloriid B12 toidulisand, mineraal\u00f5li, p\u00e4evalille letsitiin, foolhape<\/p>\n<p>GARANTEERITUD ANAL\u00dc\u00dcS:<\/p>\n<p>Toorproteiin Min 21%, Toorrasv Min 4,5%, Toorkiud Max 8%, Niiskus max 6%, Tuhk Max 8%<\/p>\n<p>&nbsp;<\/p>\n","protected":false},"excerpt":{"rendered":"<p>Pangea Gecko Diet with Papaya\u2122 on toitumise poolest sarnane toode meie populaarse arbuusivalemiga, kuid sellel on suurem rasvasisaldus ja erinev maitseprofiil. See valem on meie harigekode seas lemmik ja seda s\u00fc\u00fcakse kergesti. Papaia dieeti v\u00f5ib vahetada \u00fcksk\u00f5ik millise Pangea t\u00e4ieliku geko dieediga v\u00f5i toita ainult seda. T\u00c4HELEPANU: Lemmik harjageko dieetide seas Suurep\u00e4rane k\u00f5igile puuviljas\u00f6\u00f6jatele gekodele &hellip; <a href=\"https:\/\/zooexotika.ee\/en\/product\/pangea-papaya-gecko-diet\/\" class=\"more-link\">Continue reading <span class=\"screen-reader-text\">Pangea Papaya gecko diet<\/span><\/a><\/p>\n","protected":false},"featured_media":11184,"template":"","meta":[],"product_brand":[],"product_cat":[242,240],"product_tag":[],"berocket_brand":[943],"class_list":{"0":"post-10813","1":"product","2":"type-product","3":"status-publish","4":"has-post-thumbnail","6":"product_cat-crested-gecko-diet","7":"product_cat-dry-food","8":"berocket_brand-pangea-gecko-diet-en","11":"instock","12":"taxable","13":"shipping-taxable","14":"purchasable","15":"product-type-variable"},"_links":{"self":[{"href":"https:\/\/zooexotika.ee\/en\/wp-json\/wp\/v2\/product\/10813","targetHints":{"allow":["GET"]}}],"collection":[{"href":"https:\/\/zooexotika.ee\/en\/wp-json\/wp\/v2\/product"}],"about":[{"href":"https:\/\/zooexotika.ee\/en\/wp-json\/wp\/v2\/types\/product"}],"wp:featuredmedia":[{"embeddable":true,"href":"https:\/\/zooexotika.ee\/en\/wp-json\/wp\/v2\/media\/11184"}],"wp:attachment":[{"href":"https:\/\/zooexotika.ee\/en\/wp-json\/wp\/v2\/media?parent=10813"}],"wp:term":[{"taxonomy":"product_brand","embeddable":true,"href":"https:\/\/zooexotika.ee\/en\/wp-json\/wp\/v2\/product_brand?post=10813"},{"taxonomy":"product_cat","embeddable":true,"href":"https:\/\/zooexotika.ee\/en\/wp-json\/wp\/v2\/product_cat?post=10813"},{"taxonomy":"product_tag","embeddable":true,"href":"https:\/\/zooexotika.ee\/en\/wp-json\/wp\/v2\/product_tag?post=10813"},{"taxonomy":"berocket_brand","embeddable":true,"href":"https:\/\/zooexotika.ee\/en\/wp-json\/wp\/v2\/berocket_brand?post=10813"}],"curies":[{"name":"wp","href":"https:\/\/api.w.org\/{rel}","templated":true}]}}