{"id":10835,"date":"2024-11-02T20:05:07","date_gmt":"2024-11-02T18:05:07","guid":{"rendered":"https:\/\/zooexotika.ee\/toode\/arcadia-earthpro-optimised-indulgence-60g\/"},"modified":"2025-11-21T17:53:05","modified_gmt":"2025-11-21T15:53:05","slug":"arcadia-earthpro-optimised-indulgence-60g","status":"publish","type":"product","link":"https:\/\/zooexotika.ee\/en\/product\/arcadia-earthpro-optimised-indulgence-60g\/","title":{"rendered":"Arcadia EarthPro Optimised-Indulgence, 60g"},"content":{"rendered":"<p>Arcadia EarthPro Optimised-Indulgence on k\u00e4sitsi valitud segu luksuslikest taimedest, mis on valitud inspireerima toitmist ja rikastama meeli.<\/p>\n<p>Optimised-Indulgence on ekspertide poolt v\u00e4lja t\u00f6\u00f6tatud nii, et seda saaks h\u00f5lpsasti lisada k\u00f5igi taimtoiduliste loomade tavap\u00e4rasesse dieeti, laiendada toiduvalikut ja suurendada rikastamist looduslike l\u00f5hnade, v\u00e4rvide ja tekstuuride pakkumise kaudu.<\/p>\n<p>Optimised-Indulgence on spetsiaalselt loodud t\u00f6\u00f6tama sujuvalt Optimised52 t\u00e4iesti loodusliku kilpkonnatoiduga, luues aromaatse dieedi k\u00f5ikidele taimtoidulistele liikidele.<\/p>\n<p>Sisaldab erksaid atraktiivseid roosi-, sinise-rukkilille-, v\u00f5ilillelehti ja kummeli\u00f5isi, mis pakuvad aromaatset ja t\u00f5eliselt meeldivat kogemust.<\/p>\n<p>Sobivad taimtoidulised liigid nagu kilpkonnad, habedraakonid, uromastyx ja iguaanid.<\/p>\n","protected":false},"excerpt":{"rendered":"<p>&#8211; Sobib k\u00f5ikidele taimtoidulistele liikidele<br \/>\n&#8211; Luksuslik lillesegu<br \/>\n&#8211; Looduslikult l\u00f5hnastatud 25% roosidega<br \/>\n&#8211; Pika elueaga taassuletav kott<br \/>\n&#8211; Valmistatud Suurbritannias<\/p>\n","protected":false},"featured_media":10581,"template":"","meta":[],"product_brand":[],"product_cat":[240,246],"product_tag":[],"berocket_brand":[398],"class_list":{"0":"post-10835","1":"product","2":"type-product","3":"status-publish","4":"has-post-thumbnail","6":"product_cat-dry-food","7":"product_cat-food-for-turtles","8":"berocket_brand-arcadia-en","11":"instock","12":"taxable","13":"shipping-taxable","14":"purchasable","15":"product-type-simple"},"_links":{"self":[{"href":"https:\/\/zooexotika.ee\/en\/wp-json\/wp\/v2\/product\/10835","targetHints":{"allow":["GET"]}}],"collection":[{"href":"https:\/\/zooexotika.ee\/en\/wp-json\/wp\/v2\/product"}],"about":[{"href":"https:\/\/zooexotika.ee\/en\/wp-json\/wp\/v2\/types\/product"}],"wp:featuredmedia":[{"embeddable":true,"href":"https:\/\/zooexotika.ee\/en\/wp-json\/wp\/v2\/media\/10581"}],"wp:attachment":[{"href":"https:\/\/zooexotika.ee\/en\/wp-json\/wp\/v2\/media?parent=10835"}],"wp:term":[{"taxonomy":"product_brand","embeddable":true,"href":"https:\/\/zooexotika.ee\/en\/wp-json\/wp\/v2\/product_brand?post=10835"},{"taxonomy":"product_cat","embeddable":true,"href":"https:\/\/zooexotika.ee\/en\/wp-json\/wp\/v2\/product_cat?post=10835"},{"taxonomy":"product_tag","embeddable":true,"href":"https:\/\/zooexotika.ee\/en\/wp-json\/wp\/v2\/product_tag?post=10835"},{"taxonomy":"berocket_brand","embeddable":true,"href":"https:\/\/zooexotika.ee\/en\/wp-json\/wp\/v2\/berocket_brand?post=10835"}],"curies":[{"name":"wp","href":"https:\/\/api.w.org\/{rel}","templated":true}]}}