{"id":10847,"date":"2024-05-21T21:40:59","date_gmt":"2024-05-21T18:40:59","guid":{"rendered":"https:\/\/zooexotika.ee\/toode\/arcadia-bird-lamp-2-4-uvb-t5-lamp\/"},"modified":"2024-05-21T21:40:59","modified_gmt":"2024-05-21T18:40:59","slug":"arcadia-bird-lamp-2-4-uvb-t5-lamp","status":"publish","type":"product","link":"https:\/\/zooexotika.ee\/en\/product\/arcadia-bird-lamp-2-4-uvb-t5-lamp\/","title":{"rendered":"Arcadia Bird Lamp, 2.4% UVB T5 Lamp"},"content":{"rendered":"<p>See Arcadia Bird asendusv\u00f5imsusega 8W 2,4% UV-B spetsialiseerunud linnulamp aitab tagada sees peetavatele lemmikloomadele fantastilise v\u00e4rvin\u00e4gemise ja v\u00f5imaldab neil loomulikult ise D3-vitamiini valmistada.<\/p>\n<p>See klanitud lamp ei v\u00e4rele, kui seda kasutatakse koos Arcadia linnuliitmike ja t\u00e4isspektri + UV-B-ga. Nendel lampidel on k\u00f5rge CRI ja need on UV-B-v\u00f5imelised terve aasta jooksul. Lindude pidamisel j\u00e4etakse sageli t\u00e4helepanuta kunstliku UV-valguse allika pakkumine.<\/p>\n<p>Need pirnid on loodud kiirgama 12% UVA-d ja 2,4% UVB-d. See soodustab optimaalset D3-vitamiini s\u00fcnteesi ja optimaalset v\u00e4rvin\u00e4gemist. See soodustab loomulikku k\u00e4itumist, suurendab mineraalide assimilatsiooni, s\u00e4ilitamist ja kasutamist ning parandab vangistuses kasvatamist.<\/p>\n<p>UV-pirn Arcadia Bird Lamp T5 8W sobib asenduspirniks lambikomplektile\u00a0Arcadia Bird Mini 2,4 % UVB Kit.<\/p>\n<p><b>Hoiatus:<\/b>\u00a0Enne UV-lambi esmakordset kasutamist hoidke toodet toatemperatuuril ja seej\u00e4rel l\u00fclitage vooluv\u00f5rku. \u00c4rge p\u00f5letage UV-lampi \u00e4ikese ajal, mil v\u00f5ib esineda elektrikatkestust. UV-pirnid on tundlikud elektrikatkestustele.<span class=\"Apple-converted-space\">\u00a0<\/span><\/p>\n","protected":false},"excerpt":{"rendered":"<p>&#8211; T\u00e4isspekter ja UVB Bird lamp<br \/>\n&#8211; Oluline UVB<br \/>\n&#8211; Looduslikud v\u00e4rvid<\/p>\n","protected":false},"featured_media":9024,"template":"","meta":[],"product_brand":[],"product_cat":[310,282,306,320],"product_tag":[],"berocket_brand":[398],"class_list":{"0":"post-10847","1":"product","2":"type-product","3":"status-publish","4":"has-post-thumbnail","6":"product_cat-bird-lamps","7":"product_cat-equipment","8":"product_cat-lamps","9":"product_cat-uv-lamps","10":"berocket_brand-arcadia-en","13":"instock","14":"taxable","15":"shipping-taxable","16":"purchasable","17":"product-type-simple"},"_links":{"self":[{"href":"https:\/\/zooexotika.ee\/en\/wp-json\/wp\/v2\/product\/10847","targetHints":{"allow":["GET"]}}],"collection":[{"href":"https:\/\/zooexotika.ee\/en\/wp-json\/wp\/v2\/product"}],"about":[{"href":"https:\/\/zooexotika.ee\/en\/wp-json\/wp\/v2\/types\/product"}],"wp:featuredmedia":[{"embeddable":true,"href":"https:\/\/zooexotika.ee\/en\/wp-json\/wp\/v2\/media\/9024"}],"wp:attachment":[{"href":"https:\/\/zooexotika.ee\/en\/wp-json\/wp\/v2\/media?parent=10847"}],"wp:term":[{"taxonomy":"product_brand","embeddable":true,"href":"https:\/\/zooexotika.ee\/en\/wp-json\/wp\/v2\/product_brand?post=10847"},{"taxonomy":"product_cat","embeddable":true,"href":"https:\/\/zooexotika.ee\/en\/wp-json\/wp\/v2\/product_cat?post=10847"},{"taxonomy":"product_tag","embeddable":true,"href":"https:\/\/zooexotika.ee\/en\/wp-json\/wp\/v2\/product_tag?post=10847"},{"taxonomy":"berocket_brand","embeddable":true,"href":"https:\/\/zooexotika.ee\/en\/wp-json\/wp\/v2\/berocket_brand?post=10847"}],"curies":[{"name":"wp","href":"https:\/\/api.w.org\/{rel}","templated":true}]}}