{"id":10866,"date":"2024-05-11T20:39:29","date_gmt":"2024-05-11T17:39:29","guid":{"rendered":"https:\/\/zooexotika.ee\/toode\/arboreal-feeding-ledge-hsfld-et\/"},"modified":"2025-12-26T01:42:28","modified_gmt":"2025-12-25T23:42:28","slug":"arboreal-feeding-ledge-hsfld-et","status":"publish","type":"product","link":"https:\/\/zooexotika.ee\/en\/product\/arboreal-feeding-ledge-hsfld-et\/","title":{"rendered":"ARBOREAL FEEDING LEDGE"},"content":{"rendered":"<p><span style=\"font-size: 14px;\">HabiStat Arboreal Feeding Ledge pakub\u00a0<\/span><span style=\"color: #333333; font-family: Arial, Helvetica, sans-serif; font-size: 14px; text-align: justify;\">arboreaalsed<\/span><span style=\"font-size: 14px;\">\u00a0liikidele loomulikku toitu ja niisutust.<\/span><\/p>\n<p>&nbsp;<\/p>\n<p><span style=\"font-size: 14px;\">Saadaval \u00fche- v\u00f5i kahekordse s\u00f6\u00f6tmise servana.<\/span><\/p>\n<p>&nbsp;<\/p>\n<p style=\"text-align: justify;\"><span style=\"color: #333333; font-family: Arial, Helvetica, sans-serif;\"><span style=\"font-size: 16px;\">V<\/span><\/span><span style=\"font-size: 14px;\">almistatud mustast akr\u00fc\u00fclist, samal ajal kui tassid ja imemised on l\u00e4bipaistev, v\u00f5imaldades sisu 360 -kraadist n\u00e4htavust looma h\u00e4irimata.<\/span><\/p>\n<p>&nbsp;<\/p>\n<p><span style=\"font-size: 14px;\">Suured raskust kandvad iminapad v\u00f5imaldavad kinnitada sobivasse kohta klaasi terrariumi.<\/span><\/p>\n<p>&nbsp;<\/p>\n<p><span style=\"font-size: 14px;\">Tassides olevat eemaldatavat klambrit on lihtne puhastada ja seda saab uuesti kasutada.<\/span><\/p>\n","protected":false},"excerpt":{"rendered":"<p>HabiStat Arboreal Feeding Ledge pakub\u00a0arboreaalsed\u00a0liikidele loomulikku toitu ja niisutust. &nbsp; Saadaval \u00fche- v\u00f5i kahekordse s\u00f6\u00f6tmise servana. &nbsp; Valmistatud mustast akr\u00fc\u00fclist, samal ajal kui tassid ja imemised on l\u00e4bipaistev, v\u00f5imaldades sisu 360 -kraadist n\u00e4htavust looma h\u00e4irimata. &nbsp; Suured raskust kandvad iminapad v\u00f5imaldavad kinnitada sobivasse kohta klaasi terrariumi. &nbsp; Tassides olevat eemaldatavat klambrit on lihtne puhastada ja &hellip; <a href=\"https:\/\/zooexotika.ee\/en\/product\/arboreal-feeding-ledge-hsfld-et\/\" class=\"more-link\">Continue reading <span class=\"screen-reader-text\">ARBOREAL FEEDING LEDGE<\/span><\/a><\/p>\n","protected":false},"featured_media":9000,"template":"","meta":[],"product_brand":[],"product_cat":[322,326,282,334],"product_tag":[],"berocket_brand":[],"class_list":{"0":"post-10866","1":"product","2":"type-product","3":"status-publish","4":"has-post-thumbnail","6":"product_cat-accessories","7":"product_cat-drinking-bowls","8":"product_cat-equipment","9":"product_cat-feeders","12":"instock","13":"taxable","14":"shipping-taxable","15":"purchasable","16":"product-type-variable"},"_links":{"self":[{"href":"https:\/\/zooexotika.ee\/en\/wp-json\/wp\/v2\/product\/10866","targetHints":{"allow":["GET"]}}],"collection":[{"href":"https:\/\/zooexotika.ee\/en\/wp-json\/wp\/v2\/product"}],"about":[{"href":"https:\/\/zooexotika.ee\/en\/wp-json\/wp\/v2\/types\/product"}],"wp:featuredmedia":[{"embeddable":true,"href":"https:\/\/zooexotika.ee\/en\/wp-json\/wp\/v2\/media\/9000"}],"wp:attachment":[{"href":"https:\/\/zooexotika.ee\/en\/wp-json\/wp\/v2\/media?parent=10866"}],"wp:term":[{"taxonomy":"product_brand","embeddable":true,"href":"https:\/\/zooexotika.ee\/en\/wp-json\/wp\/v2\/product_brand?post=10866"},{"taxonomy":"product_cat","embeddable":true,"href":"https:\/\/zooexotika.ee\/en\/wp-json\/wp\/v2\/product_cat?post=10866"},{"taxonomy":"product_tag","embeddable":true,"href":"https:\/\/zooexotika.ee\/en\/wp-json\/wp\/v2\/product_tag?post=10866"},{"taxonomy":"berocket_brand","embeddable":true,"href":"https:\/\/zooexotika.ee\/en\/wp-json\/wp\/v2\/berocket_brand?post=10866"}],"curies":[{"name":"wp","href":"https:\/\/api.w.org\/{rel}","templated":true}]}}