{"id":10966,"date":"2025-01-15T19:35:04","date_gmt":"2025-01-15T17:35:04","guid":{"rendered":"https:\/\/zooexotika.ee\/toode\/gecko-nutrition-dragonfruit-100-g\/"},"modified":"2026-04-11T12:15:59","modified_gmt":"2026-04-11T09:15:59","slug":"gecko-nutrition-dragonfruit-100-g","status":"publish","type":"product","link":"https:\/\/zooexotika.ee\/en\/product\/gecko-nutrition-dragonfruit-100-g\/","title":{"rendered":"Gecko Nutrition &#8211; Dragonfruit"},"content":{"rendered":"<p>Dragonfruit &#8211; eksootiline ilu ja vitamiini suurendamine oma geko<br \/>\nEredas roosa joogivili on t\u00f5eline silmap\u00fc\u00fcja ja mitte ainult visuaalselt rikastab teie geko toitumist. V\u00e4rskendav magusus ja k\u00f5rge antioks\u00fcdantide ja C-vitamiini sisaldus toovad v\u00e4rsket sorti geko toitumisse.<\/p>\n<p>Gecko toitumise t\u00e4ielik toitumine \u00fchendab looduse parimaid koostisosi tasakaalustatud s\u00f6\u00f6das. Proteiinirikas blend musta s\u00f5duri lendavad vastsed, s\u00f6\u00f6giussid ja kriketid koos eksootilise lohe ja banaaniga tagab tervisliku ja mitmekesise toitumise. H\u00e4davajalikud vitamiinid ja mineraalained \u00fcmbritsevad toitumisvaru t\u00e4iuslikult.<\/p>\n<p>Spetsiaalselt v\u00e4lja t\u00f6\u00f6tatud crested geckos, see toitumine sobib ka teiste vilju s\u00f6\u00f6vad roomajad liigid.<\/p>\n<p>Valmistatud Saksamaal.<br \/>\nMitte inimtoiduks.<\/p>\n","protected":false},"excerpt":{"rendered":"<p>Dragonfruit &#8211; eksootiline ilu ja vitamiini suurendamine oma geko Eredas roosa joogivili on t\u00f5eline silmap\u00fc\u00fcja ja mitte ainult visuaalselt rikastab teie geko toitumist. V\u00e4rskendav magusus ja k\u00f5rge antioks\u00fcdantide ja C-vitamiini sisaldus toovad v\u00e4rsket sorti geko toitumisse. Gecko toitumise t\u00e4ielik toitumine \u00fchendab looduse parimaid koostisosi tasakaalustatud s\u00f6\u00f6das. Proteiinirikas blend musta s\u00f5duri lendavad vastsed, s\u00f6\u00f6giussid ja kriketid &hellip; <a href=\"https:\/\/zooexotika.ee\/en\/product\/gecko-nutrition-dragonfruit-100-g\/\" class=\"more-link\">Continue reading <span class=\"screen-reader-text\">Gecko Nutrition &#8211; Dragonfruit<\/span><\/a><\/p>\n","protected":false},"featured_media":10964,"template":"","meta":[],"product_brand":[],"product_cat":[242,240],"product_tag":[],"berocket_brand":[392],"class_list":{"0":"post-10966","1":"product","2":"type-product","3":"status-publish","4":"has-post-thumbnail","6":"product_cat-crested-gecko-diet","7":"product_cat-dry-food","8":"berocket_brand-gecko-nutrition-en","11":"instock","12":"taxable","13":"shipping-taxable","14":"purchasable","15":"product-type-variable"},"_links":{"self":[{"href":"https:\/\/zooexotika.ee\/en\/wp-json\/wp\/v2\/product\/10966","targetHints":{"allow":["GET"]}}],"collection":[{"href":"https:\/\/zooexotika.ee\/en\/wp-json\/wp\/v2\/product"}],"about":[{"href":"https:\/\/zooexotika.ee\/en\/wp-json\/wp\/v2\/types\/product"}],"wp:featuredmedia":[{"embeddable":true,"href":"https:\/\/zooexotika.ee\/en\/wp-json\/wp\/v2\/media\/10964"}],"wp:attachment":[{"href":"https:\/\/zooexotika.ee\/en\/wp-json\/wp\/v2\/media?parent=10966"}],"wp:term":[{"taxonomy":"product_brand","embeddable":true,"href":"https:\/\/zooexotika.ee\/en\/wp-json\/wp\/v2\/product_brand?post=10966"},{"taxonomy":"product_cat","embeddable":true,"href":"https:\/\/zooexotika.ee\/en\/wp-json\/wp\/v2\/product_cat?post=10966"},{"taxonomy":"product_tag","embeddable":true,"href":"https:\/\/zooexotika.ee\/en\/wp-json\/wp\/v2\/product_tag?post=10966"},{"taxonomy":"berocket_brand","embeddable":true,"href":"https:\/\/zooexotika.ee\/en\/wp-json\/wp\/v2\/berocket_brand?post=10966"}],"curies":[{"name":"wp","href":"https:\/\/api.w.org\/{rel}","templated":true}]}}