{"id":11716,"date":"2025-06-29T17:47:45","date_gmt":"2025-06-29T14:47:45","guid":{"rendered":"https:\/\/zooexotika.ee\/toode\/habistat-digital-thermometer\/"},"modified":"2025-07-14T13:04:56","modified_gmt":"2025-07-14T10:04:56","slug":"habistat-digital-thermometer","status":"publish","type":"product","link":"https:\/\/zooexotika.ee\/en\/product\/habistat-digital-thermometer\/","title":{"rendered":"Habistat Digital Thermometer"},"content":{"rendered":"<p>&#8211; Accurate temperature<br \/>\n&#8211; Operating range -10 \u2013 50\u00b0C (14 \u2013 122\u00b0F)<br \/>\n&#8211; Easy to attach to any enclosure<br \/>\n&#8211; Power button to preserve battery life<br \/>\n&#8211; Display in Celsius or Fahrenheit<\/p>\n<p>HabiStat digitaalne termomeeter annab t\u00e4pse temperatuuri n\u00e4itu.<\/p>\n<p>Kasutage iminappe, et hoida andurit paigal ja kinnitada n\u00e4idik korpuse v\u00e4lisk\u00fcljele.<\/p>\n<p>Lihtne vahetada Celsiuse ja Fahrenheiti vahel.<\/p>\n<p>S\u00e4ilitage aku kestvus toitenupu abil.<\/p>\n","protected":false},"excerpt":{"rendered":"<p>&nbsp;<\/p>\n<p>&nbsp;<\/p>\n","protected":false},"featured_media":12067,"template":"","meta":[],"product_brand":[],"product_cat":[294,298,282],"product_tag":[],"berocket_brand":[390],"class_list":{"0":"post-11716","1":"product","2":"type-product","3":"status-publish","4":"has-post-thumbnail","6":"product_cat-climate-control","7":"product_cat-electronic","8":"product_cat-equipment","9":"berocket_brand-habistat-en","12":"instock","13":"taxable","14":"shipping-taxable","15":"purchasable","16":"product-type-simple"},"_links":{"self":[{"href":"https:\/\/zooexotika.ee\/en\/wp-json\/wp\/v2\/product\/11716","targetHints":{"allow":["GET"]}}],"collection":[{"href":"https:\/\/zooexotika.ee\/en\/wp-json\/wp\/v2\/product"}],"about":[{"href":"https:\/\/zooexotika.ee\/en\/wp-json\/wp\/v2\/types\/product"}],"wp:featuredmedia":[{"embeddable":true,"href":"https:\/\/zooexotika.ee\/en\/wp-json\/wp\/v2\/media\/12067"}],"wp:attachment":[{"href":"https:\/\/zooexotika.ee\/en\/wp-json\/wp\/v2\/media?parent=11716"}],"wp:term":[{"taxonomy":"product_brand","embeddable":true,"href":"https:\/\/zooexotika.ee\/en\/wp-json\/wp\/v2\/product_brand?post=11716"},{"taxonomy":"product_cat","embeddable":true,"href":"https:\/\/zooexotika.ee\/en\/wp-json\/wp\/v2\/product_cat?post=11716"},{"taxonomy":"product_tag","embeddable":true,"href":"https:\/\/zooexotika.ee\/en\/wp-json\/wp\/v2\/product_tag?post=11716"},{"taxonomy":"berocket_brand","embeddable":true,"href":"https:\/\/zooexotika.ee\/en\/wp-json\/wp\/v2\/berocket_brand?post=11716"}],"curies":[{"name":"wp","href":"https:\/\/api.w.org\/{rel}","templated":true}]}}