{"id":10678,"date":"2024-11-24T15:03:43","date_gmt":"2024-11-24T13:03:43","guid":{"rendered":"https:\/\/zooexotika.ee\/toode\/gecko-nutrition-komplekt\/"},"modified":"2025-11-02T20:19:22","modified_gmt":"2025-11-02T18:19:22","slug":"gecko-nutrition-komplekt","status":"publish","type":"product","link":"https:\/\/zooexotika.ee\/ru\/\u0442\u043e\u0432\u0430\u0440\/gecko-nutrition-komplekt\/","title":{"rendered":"Gecko Nutrition \u043a\u043e\u043c\u043f\u043b\u0435\u043a\u0442"},"content":{"rendered":"<p>Uustulnukate komplekt \u2013 avastage meie uusimad esmaklassilised tooted<\/p>\n<p>Gecko Nutrition t\u00f6\u00f6tab pidevalt v\u00e4lja uuenduslikke retsepte, et pakkuda teie gekole parimat v\u00f5imalikku toitumist ja p\u00f5nevat vaheldust. Meie uustulnukate komplekt pakub teile nelja p\u00f5nevat uut t\u00e4iendust meie tavap\u00e4rases k\u00f5rges kvaliteedis.<\/p>\n<p>Tulemuseks on meie kvaliteetse t\u00e4istoidu kolm maitsvat uut puuviljasorti &#8212; Dragonfruit, Papaia ning Mango &amp; Papaya.<\/p>\n<p>Mango &amp; Papaya silmapaistev omadus on banaani tahtlik v\u00e4ljaj\u00e4tmine \u2013 see on tavaline koostisosa k\u00f5igis teistes t\u00e4isv\u00e4\u00e4rtuslikes dieetides. Seet\u00f5ttu pakub see ainulaadne ja p\u00f5nev puuviljavariant ka valivatele gekodele teretulnud alternatiivi.<\/p>\n<p>Veel \u00fcks uhiuus toode sarjas on High Insects, spetsiaalselt koostatud t\u00e4istoit gekodele, kellel on n\u00e4iteks paljunemisfaasis suurenenud toitumisvajadus. T\u00e4nu oluliselt suuremale putukate protsendile vastab see ideaalselt teie geko k\u00f5rgendatud energia- ja valguvajadusele.<\/p>\n<p>Meie t\u00e4istoit sisaldab hoolikalt tasakaalustatud segu kvaliteetsetest putukatest, nagu musta s\u00f5durik\u00e4rbse vastsed, jahuussid ja ritsikad, mis on kombineeritud puuviljase maitsega. Oluliste vitamiinide ja mineraalidega rikastatud tagavad tervisliku ja mitmek\u00fclgse toitumise.<\/p>\n<p>Saksamaal valmistatud ja spetsiaalselt harjagekode jaoks v\u00e4lja t\u00f6\u00f6tatud s\u00f6\u00f6t sobib ka teistele puuvilju s\u00f6\u00f6vatele roomajatele.<\/p>\n<p>Kasutage juhust ja avastage neid uusi tooteid n\u00fc\u00fcd l\u00fchikeseks ajaks komplektis alandatud hinnaga.<\/p>\n<p>Uustulnukate komplekt sisaldab:<br \/>\n50 g Dragonfruit<br \/>\n50 g papaia<br \/>\n50 g K\u00f5rged putukad<br \/>\n50 g Mango papaia<\/p>\n<p>Valmistatud Saksamaal.<\/p>\n","protected":false},"excerpt":{"rendered":"<p>Uustulnukate komplekt \u2013 avastage meie uusimad esmaklassilised tooted Gecko Nutrition t\u00f6\u00f6tab pidevalt v\u00e4lja uuenduslikke retsepte, et pakkuda teie gekole parimat v\u00f5imalikku toitumist ja p\u00f5nevat vaheldust. Meie uustulnukate komplekt pakub teile nelja p\u00f5nevat uut t\u00e4iendust meie tavap\u00e4rases k\u00f5rges kvaliteedis. Tulemuseks on meie kvaliteetse t\u00e4istoidu kolm maitsvat uut puuviljasorti &#8212; Dragonfruit, Papaia ning Mango &amp; Papaya. Mango &hellip; <a href=\"https:\/\/zooexotika.ee\/ru\/\u0442\u043e\u0432\u0430\u0440\/gecko-nutrition-komplekt\/\" class=\"more-link\">Continue reading <span class=\"screen-reader-text\">Gecko Nutrition \u043a\u043e\u043c\u043f\u043b\u0435\u043a\u0442<\/span><\/a><\/p>\n","protected":false},"featured_media":10676,"template":"","meta":[],"product_brand":[],"product_cat":[243,241],"product_tag":[],"berocket_brand":[393],"class_list":{"0":"post-10678","1":"product","2":"type-product","3":"status-publish","4":"has-post-thumbnail","6":"product_cat-243","7":"product_cat-241","8":"berocket_brand-gecko-nutrition-ru","11":"instock","12":"taxable","13":"shipping-taxable","14":"purchasable","15":"product-type-simple"},"_links":{"self":[{"href":"https:\/\/zooexotika.ee\/ru\/wp-json\/wp\/v2\/product\/10678","targetHints":{"allow":["GET"]}}],"collection":[{"href":"https:\/\/zooexotika.ee\/ru\/wp-json\/wp\/v2\/product"}],"about":[{"href":"https:\/\/zooexotika.ee\/ru\/wp-json\/wp\/v2\/types\/product"}],"wp:featuredmedia":[{"embeddable":true,"href":"https:\/\/zooexotika.ee\/ru\/wp-json\/wp\/v2\/media\/10676"}],"wp:attachment":[{"href":"https:\/\/zooexotika.ee\/ru\/wp-json\/wp\/v2\/media?parent=10678"}],"wp:term":[{"taxonomy":"product_brand","embeddable":true,"href":"https:\/\/zooexotika.ee\/ru\/wp-json\/wp\/v2\/product_brand?post=10678"},{"taxonomy":"product_cat","embeddable":true,"href":"https:\/\/zooexotika.ee\/ru\/wp-json\/wp\/v2\/product_cat?post=10678"},{"taxonomy":"product_tag","embeddable":true,"href":"https:\/\/zooexotika.ee\/ru\/wp-json\/wp\/v2\/product_tag?post=10678"},{"taxonomy":"berocket_brand","embeddable":true,"href":"https:\/\/zooexotika.ee\/ru\/wp-json\/wp\/v2\/berocket_brand?post=10678"}],"curies":[{"name":"wp","href":"https:\/\/api.w.org\/{rel}","templated":true}]}}