{"id":10710,"date":"2024-11-24T15:44:27","date_gmt":"2024-11-24T13:44:27","guid":{"rendered":"https:\/\/zooexotika.ee\/toode\/arcadia-pro-ceramic-lamp-holder-bracket-adapter\/"},"modified":"2025-08-14T17:12:52","modified_gmt":"2025-08-14T14:12:52","slug":"arcadia-pro-ceramic-lamp-holder-bracket-adapter","status":"publish","type":"product","link":"https:\/\/zooexotika.ee\/ru\/\u0442\u043e\u0432\u0430\u0440\/arcadia-pro-ceramic-lamp-holder-bracket-adapter\/","title":{"rendered":"Arcadia Pro Ceramic Lamp Holder &amp; Bracket"},"content":{"rendered":"<p>Arcadia Reptile Ceramic LampPro on h\u00f5lpsasti kasutatav ja mitmek\u00fclgne lambihoidja ning h\u00f5lpsasti paigaldatav kronstein. Kvaliteetsetest komponentidest valmistatud lambipesa saab kasutada enamiku soojusallikatega kuni 250 W.<\/p>\n<p>Stiilne disain v\u00f5imaldab lampi paigaldada vivaariumi kiiresti ja lihtsalt, kronsteini saab kruvida otse puidust vivaariumi k\u00fclge v\u00f5i kinnitada isekleepuvate patjade abil klaasterraariumile. Pro-lambihoidik on m\u00f5eldud kasutamiseks koos Arcadia soojuslambi puuriga, et v\u00e4ltida loomade otsekontakti soojusallikaga.<\/p>\n<p>Kasutage k\u00f5igi soojusallikatega sobivat termostaati.<\/p>\n<p>Sobib habeagaamile, leopardgekodele, kameeleonidele, kilpkonnadele ja terrapiinidele, maisimadudele, puukonnadele, harjagekodele ja kuninglikele p\u00fctonitele.<\/p>\n","protected":false},"excerpt":{"rendered":"<p>Arcadia Reptile Ceramic LampPro on h\u00f5lpsasti kasutatav ja mitmek\u00fclgne lambihoidja ning h\u00f5lpsasti paigaldatav kronstein. Kvaliteetsetest komponentidest valmistatud lambipesa saab kasutada enamiku soojusallikatega kuni 250 W. Stiilne disain v\u00f5imaldab lampi paigaldada vivaariumi kiiresti ja lihtsalt, kronsteini saab kruvida otse puidust vivaariumi k\u00fclge v\u00f5i kinnitada isekleepuvate patjade abil klaasterraariumile. Pro-lambihoidik on m\u00f5eldud kasutamiseks koos Arcadia soojuslambi puuriga, &hellip; <a href=\"https:\/\/zooexotika.ee\/ru\/\u0442\u043e\u0432\u0430\u0440\/arcadia-pro-ceramic-lamp-holder-bracket-adapter\/\" class=\"more-link\">Continue reading <span class=\"screen-reader-text\">Arcadia Pro Ceramic Lamp Holder &amp; Bracket<\/span><\/a><\/p>\n","protected":false},"featured_media":10688,"template":"","meta":[],"product_brand":[],"product_cat":[307,283,309],"product_tag":[],"berocket_brand":[399],"class_list":{"0":"post-10710","1":"product","2":"type-product","3":"status-publish","4":"has-post-thumbnail","6":"product_cat-307","7":"product_cat-283","8":"product_cat-309","9":"berocket_brand-arcadia-ru","12":"instock","13":"taxable","14":"shipping-taxable","15":"purchasable","16":"product-type-simple"},"_links":{"self":[{"href":"https:\/\/zooexotika.ee\/ru\/wp-json\/wp\/v2\/product\/10710","targetHints":{"allow":["GET"]}}],"collection":[{"href":"https:\/\/zooexotika.ee\/ru\/wp-json\/wp\/v2\/product"}],"about":[{"href":"https:\/\/zooexotika.ee\/ru\/wp-json\/wp\/v2\/types\/product"}],"wp:featuredmedia":[{"embeddable":true,"href":"https:\/\/zooexotika.ee\/ru\/wp-json\/wp\/v2\/media\/10688"}],"wp:attachment":[{"href":"https:\/\/zooexotika.ee\/ru\/wp-json\/wp\/v2\/media?parent=10710"}],"wp:term":[{"taxonomy":"product_brand","embeddable":true,"href":"https:\/\/zooexotika.ee\/ru\/wp-json\/wp\/v2\/product_brand?post=10710"},{"taxonomy":"product_cat","embeddable":true,"href":"https:\/\/zooexotika.ee\/ru\/wp-json\/wp\/v2\/product_cat?post=10710"},{"taxonomy":"product_tag","embeddable":true,"href":"https:\/\/zooexotika.ee\/ru\/wp-json\/wp\/v2\/product_tag?post=10710"},{"taxonomy":"berocket_brand","embeddable":true,"href":"https:\/\/zooexotika.ee\/ru\/wp-json\/wp\/v2\/berocket_brand?post=10710"}],"curies":[{"name":"wp","href":"https:\/\/api.w.org\/{rel}","templated":true}]}}