{"id":10807,"date":"2024-02-07T12:33:26","date_gmt":"2024-02-07T10:33:26","guid":{"rendered":"https:\/\/zooexotika.ee\/toode\/pangea-fruit-mix-gecko-treat\/"},"modified":"2024-02-07T12:33:26","modified_gmt":"2024-02-07T10:33:26","slug":"pangea-fruit-mix-gecko-treat","status":"publish","type":"product","link":"https:\/\/zooexotika.ee\/ru\/\u0442\u043e\u0432\u0430\u0440\/pangea-fruit-mix-gecko-treat\/","title":{"rendered":"Pangea Fruit Mix Gecko Treat"},"content":{"rendered":"<p>Pangea Fruit Mix Gecko Treat\u2122 on meie originaalne kaubam\u00e4rgiga valem ja see on meie auhinnatud t\u00e4ielike gekodieetide alus! Pangea Treat on madala valgusisaldusega versioon meie t\u00e4isv\u00e4\u00e4rtuslikust dieedist, mis meelitab valivaid s\u00f6\u00f6jaid. Seda saab toita oma geko dieedi puuviljaosaga koos v\u00e4hemalt \u00fche v\u00f5i kahe putukaga n\u00e4dalas.<\/p>\n<p>T\u00c4HELEPANU:<br \/>\nK\u00f5rge puuviljasisaldusega geko maiuspala<br \/>\nRikastatud oluliste vitamiinide ja mineraalidega<br \/>\nSuurep\u00e4rane toitumisparandus valivatele s\u00f6\u00f6jatele<br \/>\nSuurep\u00e4rane dieedivalik gekodele vaheldumisi putukatega<br \/>\nSee harilik gekotoit on puuviljasegu, mis on t\u00e4is kogu kaltsiumi, vitamiine, mikroelemente ja muid elut\u00e4htsaid toitaineid, mis on vajalikud tervete gekode ja suurep\u00e4rase munatootmise jaoks! See on maitsev banaanide ja papaia segu, mis teie gekodele meeldib. Mitmekesine toitumine on iga looma jaoks v\u00e4ga kasulik ja Pangea Fruit Mix Gecko Treat\u2122 lisamine oma geko toitumisharjumustesse on suurep\u00e4rane v\u00f5imalus pakkuda erinevaid toiduaineid ilma toitumist ohverdamata.<\/p>\n<p>Pangea Fruit Mix Gecko Treat\u2122 on enam kui 5-aastase arenduse ja testimise tulemus, mis kulmineerus maiusega, mis sisaldab ideaalset kaltsiumisisaldust tugevate luude ja munade munemiseks ning vajalikke toitaineid, mis hoiavad teie gekode tervist!<\/p>\n<p>JUHISED:<br \/>\nSegage 1 osa pulbrit 2 osa veega ja reguleerige soovitud konsistentsi saavutamiseks. Valmistatud segu s\u00e4ilib k\u00fclmkapis kuni 7 p\u00e4eva. Avatud kuivsegu on hea 6 kuud toatemperatuuril v\u00f5i 1 aasta, kui seda hoida k\u00fclmkapis. Avamata tooted on parimad enne 24 kuud (vt aegumiskuup\u00e4eva).<\/p>\n<p>M\u00c4RKUSED:<br \/>\nPangea Fruit Mix Gecko Treat\u2122 oli m\u00f5eldud s\u00f6\u00f6tmiseks osana t\u00e4ielikust toitumiskavast, mis h\u00f5lmab putukaid \u00fcks v\u00f5i kaks korda n\u00e4dalas.<\/p>\n<p>KOOSTISOSAD:<br \/>\nBanaanipulber, kaerajahu, papaiapulber, kuivatatud piimavalk (mitsellaarkaseiin), dikaltsiumfosfaat, kaltsiumkarbonaat, kaaliumsorbaat (s\u00e4ilitusaine), sool, ksantaankummi, koliinbitartraat, maltodekstriin, naturaalne banaani maitse, magneesiumoksiid, Kuivatatud pruunvetikas, tsinkgl\u00fckonaat, D3-vitamiini toidulisand, raudp\u00fcrofosfaat, mangaantsitraat, niatsiini toidulisand, riisikliid, vasgl\u00fckonaat, A-vitamiini toidulisand, spirulina, tiamiinmononitraat, riboflaviini toidulisand, p\u00fcridoksiinvesinikkloriid, vitamiin B1-2, pant biotiin C, Toidulisandid, mineraal\u00f5li, p\u00e4evalille letsitiin, foolhape<\/p>\n<p>GARANTEERITUD ANAL\u00dc\u00dcS:<br \/>\nToorproteiin Min 9%, Toorrasv Min 2,5%, Toorkiud Max 8%, Niiskus max 6%, Tuhk Max 8%<\/p>\n","protected":false},"excerpt":{"rendered":"<p>Pangea Fruit Mix Gecko Treat\u2122 on meie originaalne kaubam\u00e4rgiga valem ja see on meie auhinnatud t\u00e4ielike gekodieetide alus! Pangea Treat on madala valgusisaldusega versioon meie t\u00e4isv\u00e4\u00e4rtuslikust dieedist, mis meelitab valivaid s\u00f6\u00f6jaid. Seda saab toita oma geko dieedi puuviljaosaga koos v\u00e4hemalt \u00fche v\u00f5i kahe putukaga n\u00e4dalas. T\u00c4HELEPANU: K\u00f5rge puuviljasisaldusega geko maiuspala Rikastatud oluliste vitamiinide ja mineraalidega &hellip; <a href=\"https:\/\/zooexotika.ee\/ru\/\u0442\u043e\u0432\u0430\u0440\/pangea-fruit-mix-gecko-treat\/\" class=\"more-link\">Continue reading <span class=\"screen-reader-text\">Pangea Fruit Mix Gecko Treat<\/span><\/a><\/p>\n","protected":false},"featured_media":11166,"template":"","meta":[],"product_brand":[],"product_cat":[243,241],"product_tag":[],"berocket_brand":[942],"class_list":{"0":"post-10807","1":"product","2":"type-product","3":"status-publish","4":"has-post-thumbnail","6":"product_cat-243","7":"product_cat-241","8":"berocket_brand-pangea-gecko-diet-ru","11":"outofstock","12":"taxable","13":"shipping-taxable","14":"purchasable","15":"product-type-variable"},"_links":{"self":[{"href":"https:\/\/zooexotika.ee\/ru\/wp-json\/wp\/v2\/product\/10807","targetHints":{"allow":["GET"]}}],"collection":[{"href":"https:\/\/zooexotika.ee\/ru\/wp-json\/wp\/v2\/product"}],"about":[{"href":"https:\/\/zooexotika.ee\/ru\/wp-json\/wp\/v2\/types\/product"}],"wp:featuredmedia":[{"embeddable":true,"href":"https:\/\/zooexotika.ee\/ru\/wp-json\/wp\/v2\/media\/11166"}],"wp:attachment":[{"href":"https:\/\/zooexotika.ee\/ru\/wp-json\/wp\/v2\/media?parent=10807"}],"wp:term":[{"taxonomy":"product_brand","embeddable":true,"href":"https:\/\/zooexotika.ee\/ru\/wp-json\/wp\/v2\/product_brand?post=10807"},{"taxonomy":"product_cat","embeddable":true,"href":"https:\/\/zooexotika.ee\/ru\/wp-json\/wp\/v2\/product_cat?post=10807"},{"taxonomy":"product_tag","embeddable":true,"href":"https:\/\/zooexotika.ee\/ru\/wp-json\/wp\/v2\/product_tag?post=10807"},{"taxonomy":"berocket_brand","embeddable":true,"href":"https:\/\/zooexotika.ee\/ru\/wp-json\/wp\/v2\/berocket_brand?post=10807"}],"curies":[{"name":"wp","href":"https:\/\/api.w.org\/{rel}","templated":true}]}}