{"id":10810,"date":"2024-02-07T12:08:57","date_gmt":"2024-02-07T10:08:57","guid":{"rendered":"https:\/\/zooexotika.ee\/toode\/pangea-gecko-diet-growth-breeding\/"},"modified":"2024-02-07T12:08:57","modified_gmt":"2024-02-07T10:08:57","slug":"pangea-gecko-diet-growth-breeding","status":"publish","type":"product","link":"https:\/\/zooexotika.ee\/ru\/\u0442\u043e\u0432\u0430\u0440\/pangea-gecko-diet-growth-breeding\/","title":{"rendered":"Pangea Gecko Diet: Growth &amp; Breeding"},"content":{"rendered":"<p>Pangea Gecko Diet: Growth &amp; Breeding Formula\u2122 on t\u00e4isv\u00e4\u00e4rtuslik toit, mis on loodud t\u00e4itma harjagekode ainulaadseid kasvu- ja paljunemisvajadusi ning mida on rikastatud lisavalkudega, s\u00e4ilitades samal ajal gekodele meeldiva maitse.<\/p>\n<p>T\u00c4HELEPANU:<br \/>\nK\u00f5rge valgu- ja rasvasisaldus putukaallikatest<br \/>\nSuure rasvasisaldusega aretustulemused<br \/>\nMaksimaalne kaltsiumisisaldus<br \/>\nSuurep\u00e4rane reaktsioon toitumisele<br \/>\nHea kaalus juurde v\u00f5tmiseks<br \/>\nSuurep\u00e4rane k\u00f5ikide eluetappide kasvatajatele ja gekodele<br \/>\nPangea Gecko Diet: Growth &amp; Breeding Formula\u2122 loodi tervena koostisainetena, mis pakuvad olulisi toitaineid pesitsevatele t\u00e4iskasvanutele, kuid sobib suurep\u00e4raselt ka igas eluetapis olevatele gekodele. Harjagekodel on ikka kasu kord v\u00f5i kaks n\u00e4dalas toimuvast kriketi toitmisest. Teised liigid, nagu Uus-Kaledoonia hiidgekod (Rhacodactylus leachianus), vesik\u00f5rvits (R. auriculatus) ja kameeleongekod (Eurydactylodes spp.), on samuti selle valemiga suurep\u00e4rased. Lisaks on Growth &amp; Breeding Formula\u2122 olnud revolutsiooniline liikide jaoks, mis vajavad k\u00f5rgemat kaltsiumisisaldust, ja putukate jaoks, nagu sammaldunud sabaga geko (Mniarogekko chahoua).<\/p>\n<p>Meie Growth &amp; Breeding Formula\u2122 peamine rasva- ja valguallikas on ritsikad ja musta s\u00f5durik\u00e4rbse vastsed. Kasutatavad puuviljad on maitsev banaanide ja aprikooside segu, mis loob suurep\u00e4rase toitumisreaktsiooni nagu meie teisedki piimasegud. K\u00f5rgem rasvasisaldus aitab hoida munatootmist tugevana kogu pesitsusperioodi v\u00e4ltel.<\/p>\n<p>Kaltsiumi tase on t\u00e4ieliku geko dieedi maksimumtaseme l\u00e4hedal. On ohutu ja m\u00f5nikord vajalik lisada toidule veidi kaltsiumi, kui teie emastel hakkab kaltsiumi otsa saama. Teise v\u00f5imalusena v\u00f5ite pakkuda tavalist kaltsiumi tassi, et emasloomad saaksid seda vajadusel lakkuda. Kaltsiumi kohta lisateabe saamiseks vaadake meie artiklit siit.<\/p>\n<p>Sellest dieedist maksimaalse kasu saamiseks tuleks pesitsusperioodil v\u00e4rsket toitu pakkuda v\u00e4hemalt \u00fclep\u00e4eviti, kuigi raiskamist tekib. V\u00e4iksem ja sagedasem s\u00f6\u00f6tmine on kasvatajatele tervislikum kui suur h\u00f5re s\u00f6\u00f6tmine, millest kiputakse end ahmima. Elustolmuga putukad on valikulised, kuid neid v\u00f5ib pakkuda \u00fcks v\u00f5i kaks korda n\u00e4dalas Pangea Gecko Diet: Growth &amp; Breeding Formula\u2122 asemel, et pakkuda vaheldust ning hoida gekod aktiivsena ja stimuleerituna.<\/p>\n<p>JUHISED:<br \/>\nSegage 1 osa pulbrit 2,5 osa veega ja reguleerige soovitud konsistentsi saavutamiseks. Valmistatud segu s\u00e4ilib k\u00fclmkapis kuni 7 p\u00e4eva. Avatud kuivsegu on hea 6 kuud toatemperatuuril v\u00f5i 1 aasta, kui seda hoida k\u00fclmkapis. Avamata dieet on parim enne 12 kuud (vt aegumiskuup\u00e4eva). Soovitatav on aeg-ajalt putukaid toita, kuid see on valikuline.<\/p>\n<p>ELUETAPID:<br \/>\nKasv: S\u00f6\u00f6da 3-4 korda n\u00e4dalas vaheldumisi putukatega<br \/>\nSigimine: S\u00f6\u00f6da v\u00e4hemalt 4-5 p\u00e4eva n\u00e4dalas putukate lisatoitmisega<br \/>\nM\u00c4RKUSED:<br \/>\nKui teie geko segust l\u00e4bi roomab, kipub see segu kleepuma sabade ja varvaste k\u00fclge. Selle saab h\u00f5lpsasti lahendada loputamise v\u00f5i saunaga.<br \/>\nEnamik gekosid ei kavatse oma kaussi iga kord puhastada, nagu nad seda teevad madalama rasvasisaldusega segude puhul.<br \/>\nSellel dieedil on l\u00fchem k\u00f5lblikkusaeg, et tagada maksimaalne valgu- ja vitamiinitase.<br \/>\nKOOSTISOSAD:<br \/>\nBanaanihelbed, aprikoosipulber, kuivatatud kodukriket, kuivatatud piimavalk (mitsellaarkaseiin), kaltsiumkarbonaat, dikaltsiumfosfaat, taimerasv, ksantaankummi, linajahu (s\u00e4ilitatud tokoferoolide seguga), kaaliumsorbaat (s\u00e4ilitusaine), sool, bitartra, koliin. Maltodekstriin, looduslik guajaavi maitse, kuivatatud pruunvetikas, magneesiumoksiid, E-vitamiini toidulisand, tsinkgl\u00fckonaat, D3-vitamiini toidulisand, raudp\u00fcrofosfaat, mangaantsitraat, vasgl\u00fckonaat, niatsiini toidulisand, riisikliid, A-vitamiini toidulisand, biotiini toidulisand, tiamiinmononitraat , p\u00fcridoksiinvesinikkloriid, D-kaltsiumpantotenaat, B12-vitamiini toidulisand, mineraal\u00f5li, p\u00e4evalilleletsitiin, foolhape<\/p>\n<p>GARANTEERITUD ANAL\u00dc\u00dcS:<br \/>\nToorproteiin Min 21%, Toorrasv Min 5,7%, Toorkiud Max 8%, Niiskus max 6%, Tuhk Max 8%<\/p>\n","protected":false},"excerpt":{"rendered":"<p>Pangea Gecko Diet: Growth &amp; Breeding Formula\u2122 on t\u00e4isv\u00e4\u00e4rtuslik toit, mis on loodud t\u00e4itma harjagekode ainulaadseid kasvu- ja paljunemisvajadusi ning mida on rikastatud lisavalkudega, s\u00e4ilitades samal ajal gekodele meeldiva maitse. T\u00c4HELEPANU: K\u00f5rge valgu- ja rasvasisaldus putukaallikatest Suure rasvasisaldusega aretustulemused Maksimaalne kaltsiumisisaldus Suurep\u00e4rane reaktsioon toitumisele Hea kaalus juurde v\u00f5tmiseks Suurep\u00e4rane k\u00f5ikide eluetappide kasvatajatele ja gekodele Pangea &hellip; <a href=\"https:\/\/zooexotika.ee\/ru\/\u0442\u043e\u0432\u0430\u0440\/pangea-gecko-diet-growth-breeding\/\" class=\"more-link\">Continue reading <span class=\"screen-reader-text\">Pangea Gecko Diet: Growth &amp; Breeding<\/span><\/a><\/p>\n","protected":false},"featured_media":9484,"template":"","meta":[],"product_brand":[],"product_cat":[243,241],"product_tag":[],"berocket_brand":[942],"class_list":{"0":"post-10810","1":"product","2":"type-product","3":"status-publish","4":"has-post-thumbnail","6":"product_cat-243","7":"product_cat-241","8":"berocket_brand-pangea-gecko-diet-ru","11":"instock","12":"taxable","13":"shipping-taxable","14":"purchasable","15":"product-type-variable"},"_links":{"self":[{"href":"https:\/\/zooexotika.ee\/ru\/wp-json\/wp\/v2\/product\/10810","targetHints":{"allow":["GET"]}}],"collection":[{"href":"https:\/\/zooexotika.ee\/ru\/wp-json\/wp\/v2\/product"}],"about":[{"href":"https:\/\/zooexotika.ee\/ru\/wp-json\/wp\/v2\/types\/product"}],"wp:featuredmedia":[{"embeddable":true,"href":"https:\/\/zooexotika.ee\/ru\/wp-json\/wp\/v2\/media\/9484"}],"wp:attachment":[{"href":"https:\/\/zooexotika.ee\/ru\/wp-json\/wp\/v2\/media?parent=10810"}],"wp:term":[{"taxonomy":"product_brand","embeddable":true,"href":"https:\/\/zooexotika.ee\/ru\/wp-json\/wp\/v2\/product_brand?post=10810"},{"taxonomy":"product_cat","embeddable":true,"href":"https:\/\/zooexotika.ee\/ru\/wp-json\/wp\/v2\/product_cat?post=10810"},{"taxonomy":"product_tag","embeddable":true,"href":"https:\/\/zooexotika.ee\/ru\/wp-json\/wp\/v2\/product_tag?post=10810"},{"taxonomy":"berocket_brand","embeddable":true,"href":"https:\/\/zooexotika.ee\/ru\/wp-json\/wp\/v2\/berocket_brand?post=10810"}],"curies":[{"name":"wp","href":"https:\/\/api.w.org\/{rel}","templated":true}]}}