{"id":10822,"date":"2024-02-04T13:08:49","date_gmt":"2024-02-04T11:08:49","guid":{"rendered":"https:\/\/zooexotika.ee\/toode\/pangea-apricot-gecko-diet\/"},"modified":"2024-02-04T13:08:49","modified_gmt":"2024-02-04T11:08:49","slug":"pangea-apricot-gecko-diet","status":"publish","type":"product","link":"https:\/\/zooexotika.ee\/ru\/\u0442\u043e\u0432\u0430\u0440\/pangea-apricot-gecko-diet\/","title":{"rendered":"Pangea Apricot gecko diet"},"content":{"rendered":"<p>See t\u00e4isv\u00e4\u00e4rtuslik dieet sobib suurep\u00e4raselt gekodele, kelle peamine valgu- ja rasvaallikas on munadest ja valguisolaatidest. Mikrofiltreeritud, denatureerimata mitsellaarset kaseiini kasutatakse ainulaadse aeglasemalt seeduva valguallikana. T\u00e4iendame seda nii terve muna kui ka vadakuvalgu isolaadiga, et saada uskumatult terviklik valgukombinatsioon. Lisaks pakuvad munad ainulaadseid rasvhappeid, mida taimsetes valkudes ei leidu, mist\u00f5ttu on meie aprikoosidieet suurep\u00e4rane valik p\u00f5hitoiduks. K\u00f5ik meie t\u00e4isv\u00e4\u00e4rtuslikud dieedid on valmistatud meie Zeelandis, Michiganis asuvas tehases, kasutades esmaklassilisi, t\u00e4iesti looduslikke koostisosi.<\/p>\n<p>T\u00c4HELEPANU:<br \/>\nT\u00e4ielik harjageko dieet<br \/>\nRikastatud kvaliteetsete valkude, vitamiinide ja mineraalidega<br \/>\nSuurep\u00e4rane valik k\u00f5igile puuvilju s\u00f6\u00f6vatele gekoliikidele<br \/>\nGekodele meeldib maitse!<br \/>\nPangea Gecko Diet koos Apricot\u2122-iga sobib suurep\u00e4raselt gekodele, kes keelduvad putukaid s\u00f6\u00f6mast, kuna see pakub olulisi toitaineid, millest nad elusatel putukatel ilma j\u00e4\u00e4vad. Dieedil on magus maitse, mis meelitab valivaid s\u00f6\u00f6jaid. Vitamiinide ja mineraalide sisaldus on ka tipptasemel, et hoida teie gekod terved, edendades samal ajal suurep\u00e4rast kasvu, paljunemist ja suurep\u00e4raseid mune.<\/p>\n<p>See valem on \u00fcldtunnustatud kogu meie kollektsioonis ja see on meie harigekode, gargoyle gekode ja teiste hiidgekode, n\u00e4iteks Uus-Kaledoonia hiidgeko (Rhacodactylus leachianus) lemmik! Dieet sobib h\u00e4sti ka kameeleongekodele, p\u00e4evagekodele ja leinagekodele. See valem on v\u00e4hem kleepuv kui teised, seega on v\u00e4iksem t\u00f5en\u00e4osus, et see kleepub geko varvastele v\u00f5i nahale. Proovige seda suurep\u00e4rast gekotoitu!<\/p>\n<p>JUHISED:<br \/>\nS\u00f6\u00f6da Pangea Fruit Mix\u2122 Banana Apricot iga p\u00e4ev t\u00e4ielikult. Segage 1 osa pulbrit 2 osa veega ja reguleerige soovitud konsistentsi saavutamiseks. Valmistatud segu s\u00e4ilib k\u00fclmkapis kuni 7 p\u00e4eva. Avatud kuivsegu on hea 6 kuud toatemperatuuril v\u00f5i 1 aasta, kui seda hoida k\u00fclmkapis. Avamata tooted on parimad enne 24 kuud (vt aegumiskuup\u00e4eva). Soovitatav on aeg-ajalt putukaid toita.<\/p>\n<p>ELUETAPID:<br \/>\nKasv: s\u00f6\u00f6ta iga p\u00e4ev v\u00f5i vaheldumisi elustoiduga<br \/>\nHooldus: toidetakse 3-5 korda n\u00e4dalas<br \/>\nAretus: s\u00f6\u00f6ta iga p\u00e4ev v\u00f5i vaheldumisi elustoiduga<br \/>\nKOOSTISOSAD:<br \/>\nBanaanipulber, aprikoosipulber, vadakuvalgu isolaat, t\u00e4ismunapulber, dikaltsiumfosfaat, kaltsiumkarbonaat, kaaliumsorbaat (s\u00e4ilitusaine), sool, koliinbitartraat, ksantaankummi, raudp\u00fcrofosfaat, maltodekstriin, looduslik guajaavi maitseaine, vitamiin E suppoksiid Kuivatatud pruunvetikas, tsinkgl\u00fckonaat, D3-vitamiini toidulisand, mangaantsitraat, riisikliid, niatsiinilisand, vasgl\u00fckonaat, A-vitamiini toidulisand, biotiini toidulisand, tiamiinmononitraat, riboflaviini toidulisand, p\u00fcridoksiinvesinikkloriid, D-kaltsiumi pantotenaat, vitamiin, B1-2-vitamiini lisand, P\u00e4evalille letsitiin, foolhape<\/p>\n<p>GARANTEERITUD ANAL\u00dc\u00dcS:<br \/>\nToorproteiin Min 21%, Toorrasv Min 4,7%, Toorkiud Max 8%, Niiskus max 8%, Tuhk Max 8%<\/p>\n","protected":false},"excerpt":{"rendered":"<p>See t\u00e4isv\u00e4\u00e4rtuslik dieet sobib suurep\u00e4raselt gekodele, kelle peamine valgu- ja rasvaallikas on munadest ja valguisolaatidest. Mikrofiltreeritud, denatureerimata mitsellaarset kaseiini kasutatakse ainulaadse aeglasemalt seeduva valguallikana. T\u00e4iendame seda nii terve muna kui ka vadakuvalgu isolaadiga, et saada uskumatult terviklik valgukombinatsioon. Lisaks pakuvad munad ainulaadseid rasvhappeid, mida taimsetes valkudes ei leidu, mist\u00f5ttu on meie aprikoosidieet suurep\u00e4rane valik p\u00f5hitoiduks. &hellip; <a href=\"https:\/\/zooexotika.ee\/ru\/\u0442\u043e\u0432\u0430\u0440\/pangea-apricot-gecko-diet\/\" class=\"more-link\">Continue reading <span class=\"screen-reader-text\">Pangea Apricot gecko diet<\/span><\/a><\/p>\n","protected":false},"featured_media":9550,"template":"","meta":[],"product_brand":[],"product_cat":[243,241],"product_tag":[],"berocket_brand":[942],"class_list":{"0":"post-10822","1":"product","2":"type-product","3":"status-publish","4":"has-post-thumbnail","6":"product_cat-243","7":"product_cat-241","8":"berocket_brand-pangea-gecko-diet-ru","11":"instock","12":"taxable","13":"shipping-taxable","14":"product-type-simple"},"_links":{"self":[{"href":"https:\/\/zooexotika.ee\/ru\/wp-json\/wp\/v2\/product\/10822","targetHints":{"allow":["GET"]}}],"collection":[{"href":"https:\/\/zooexotika.ee\/ru\/wp-json\/wp\/v2\/product"}],"about":[{"href":"https:\/\/zooexotika.ee\/ru\/wp-json\/wp\/v2\/types\/product"}],"wp:featuredmedia":[{"embeddable":true,"href":"https:\/\/zooexotika.ee\/ru\/wp-json\/wp\/v2\/media\/9550"}],"wp:attachment":[{"href":"https:\/\/zooexotika.ee\/ru\/wp-json\/wp\/v2\/media?parent=10822"}],"wp:term":[{"taxonomy":"product_brand","embeddable":true,"href":"https:\/\/zooexotika.ee\/ru\/wp-json\/wp\/v2\/product_brand?post=10822"},{"taxonomy":"product_cat","embeddable":true,"href":"https:\/\/zooexotika.ee\/ru\/wp-json\/wp\/v2\/product_cat?post=10822"},{"taxonomy":"product_tag","embeddable":true,"href":"https:\/\/zooexotika.ee\/ru\/wp-json\/wp\/v2\/product_tag?post=10822"},{"taxonomy":"berocket_brand","embeddable":true,"href":"https:\/\/zooexotika.ee\/ru\/wp-json\/wp\/v2\/berocket_brand?post=10822"}],"curies":[{"name":"wp","href":"https:\/\/api.w.org\/{rel}","templated":true}]}}