{"id":10838,"date":"2024-11-02T20:34:46","date_gmt":"2024-11-02T18:34:46","guid":{"rendered":"https:\/\/zooexotika.ee\/toode\/arcadia-earthmix-arid-10l\/"},"modified":"2026-04-15T17:59:22","modified_gmt":"2026-04-15T14:59:22","slug":"arcadia-earthmix-arid-10l","status":"publish","type":"product","link":"https:\/\/zooexotika.ee\/ru\/\u0442\u043e\u0432\u0430\u0440\/arcadia-earthmix-arid-10l\/","title":{"rendered":"Arcadia EarthMix Arid ,10L"},"content":{"rendered":"<p>Arcadia Reptile EarthMix-Arid on orgaaniline, mitmeotstarbeline substraat, mis sobib ideaalselt kasutamiseks kuivades ja v\u00f5sastikus.<\/p>\n<p>Arcadia Reptile EarthMix-Arid on t\u00e4is &#171;orgaanilist headust&#187; ja seda v\u00f5ib pidada &#171;ettetoidetuks&#187;. See t\u00e4hendab, et haldureid saab lisada juba esimesest p\u00e4evast ja need hakkavad arenema. Kui soovite oma haldajaid veelgi toetada, v\u00f5ite kasutada EarthPro-Custodian Fueli.<\/p>\n<p>See t\u00e4iesti looduslik segu sisaldab vulkaanilist mineraalide ja aminohapete allikat, mis aitab luua ideaalset kuiva v\u00f5i v\u00f5sakeskkonda, s\u00e4ilitades loomuliku niiskustaseme allpool kuiva pinda.<\/p>\n<p>Sobib k\u00f5rbeliikidele \u2013 EarthMix-Arid\u2019i saab kasutada k\u00f5rbes, metsas v\u00f5i kuivades vivaariumides ilma lisandeid lisamata. Selle hea kvaliteet v\u00f5imaldab head terrassikujundust ja seega loomulikku korpuse kujundust.<\/p>\n<p>EarthMix-Arid on puhas, ohutu kasutada, mineraaliderikas Bio-Active valmis substraat, mis on ohutu k\u00f5ikidele liikidele ja ei sisalda mittelooduslikke osakesi, mis v\u00f5ivad p\u00f5hjustada l\u00f6\u00f6ke. \u00d5iged \u201emineraalide\u201c ja \u201eorgaaniliste\u201c segude \u201esuhted\u201c aitavad toetada bioaktiivsetes s\u00fcsteemides kasutatavaid elut\u00e4htsaid kaitseliike.<\/p>\n<p>Sobib habedraakonitele, kilpkonnadele, kilpkonnadele ja terrapinidele.<\/p>\n","protected":false},"excerpt":{"rendered":"<p>&#8212; Orgaaniline<br \/>\n&#8212; Mitmeotstarbeline substraat<br \/>\n&#8212; Sobib k\u00f5rbeliikidele<br \/>\n&#8212; Aitab taimede kasvu<\/p>\n","protected":false},"featured_media":12378,"template":"","meta":[],"product_brand":[],"product_cat":[291,287,285,283,293],"product_tag":[],"berocket_brand":[399],"class_list":{"0":"post-10838","1":"product","2":"type-product","3":"status-publish","4":"has-post-thumbnail","6":"product_cat-291","7":"product_cat-287","8":"product_cat-285","9":"product_cat-283","10":"product_cat-293","11":"berocket_brand-arcadia-ru","14":"outofstock","15":"taxable","16":"shipping-taxable","17":"purchasable","18":"product-type-simple"},"_links":{"self":[{"href":"https:\/\/zooexotika.ee\/ru\/wp-json\/wp\/v2\/product\/10838","targetHints":{"allow":["GET"]}}],"collection":[{"href":"https:\/\/zooexotika.ee\/ru\/wp-json\/wp\/v2\/product"}],"about":[{"href":"https:\/\/zooexotika.ee\/ru\/wp-json\/wp\/v2\/types\/product"}],"wp:featuredmedia":[{"embeddable":true,"href":"https:\/\/zooexotika.ee\/ru\/wp-json\/wp\/v2\/media\/12378"}],"wp:attachment":[{"href":"https:\/\/zooexotika.ee\/ru\/wp-json\/wp\/v2\/media?parent=10838"}],"wp:term":[{"taxonomy":"product_brand","embeddable":true,"href":"https:\/\/zooexotika.ee\/ru\/wp-json\/wp\/v2\/product_brand?post=10838"},{"taxonomy":"product_cat","embeddable":true,"href":"https:\/\/zooexotika.ee\/ru\/wp-json\/wp\/v2\/product_cat?post=10838"},{"taxonomy":"product_tag","embeddable":true,"href":"https:\/\/zooexotika.ee\/ru\/wp-json\/wp\/v2\/product_tag?post=10838"},{"taxonomy":"berocket_brand","embeddable":true,"href":"https:\/\/zooexotika.ee\/ru\/wp-json\/wp\/v2\/berocket_brand?post=10838"}],"curies":[{"name":"wp","href":"https:\/\/api.w.org\/{rel}","templated":true}]}}