{"id":10840,"date":"2024-11-02T19:34:27","date_gmt":"2024-11-02T17:34:27","guid":{"rendered":"https:\/\/zooexotika.ee\/toode\/habistat-sculta-pod\/"},"modified":"2024-11-02T19:34:27","modified_gmt":"2024-11-02T17:34:27","slug":"habistat-sculta-pod","status":"publish","type":"product","link":"https:\/\/zooexotika.ee\/ru\/\u0442\u043e\u0432\u0430\u0440\/habistat-sculta-pod\/","title":{"rendered":"HabiStat Sculta Pod"},"content":{"rendered":"<p>HabiStat Sculta Pod on naturaalne seemnekaun, mis p\u00e4rineb pehmest metsast Sterculia Foetida puust ja sobib suurep\u00e4raselt igale vivaariumile v\u00f5i terraariumile.<\/p>\n<p>100% s\u00e4\u00e4stvalt hangitud, ilma kunstlike kemikaalide v\u00f5i v\u00e4rvaineteta.<\/p>\n<p>Sculta Podi saab kasutada dekoratiivesemena kuivades v\u00f5i troopilistes aedikutes, v\u00f5rdjalgsete peidupaigana bioaktiivses paigas ja niiskuse suurendamiseks t\u00e4ita niiske samblaga. Lisaks sobivad need h\u00e4sti s\u00f6\u00f6da- v\u00f5i veen\u00f5una!<\/p>\n","protected":false},"excerpt":{"rendered":"<p>&#8212; 100% looduslik<br \/>\n&#8212; Mitu kasutust<br \/>\n&#8212; Sobib kuivadesse ja troopilistesse kohtadesse<br \/>\n&#8212; Lisab loomuliku esteetilise v\u00e4limuse<br \/>\n&#8212; Ideaalne peidukoht isopoodidele bioaktiivses korpuses<\/p>\n","protected":false},"featured_media":10564,"template":"","meta":[],"product_brand":[],"product_cat":[323,325],"product_tag":[],"berocket_brand":[391],"class_list":{"0":"post-10840","1":"product","2":"type-product","3":"status-publish","4":"has-post-thumbnail","6":"product_cat-323","7":"product_cat-325","8":"berocket_brand-habistat-ru","11":"instock","12":"taxable","13":"shipping-taxable","14":"purchasable","15":"product-type-simple"},"_links":{"self":[{"href":"https:\/\/zooexotika.ee\/ru\/wp-json\/wp\/v2\/product\/10840","targetHints":{"allow":["GET"]}}],"collection":[{"href":"https:\/\/zooexotika.ee\/ru\/wp-json\/wp\/v2\/product"}],"about":[{"href":"https:\/\/zooexotika.ee\/ru\/wp-json\/wp\/v2\/types\/product"}],"wp:featuredmedia":[{"embeddable":true,"href":"https:\/\/zooexotika.ee\/ru\/wp-json\/wp\/v2\/media\/10564"}],"wp:attachment":[{"href":"https:\/\/zooexotika.ee\/ru\/wp-json\/wp\/v2\/media?parent=10840"}],"wp:term":[{"taxonomy":"product_brand","embeddable":true,"href":"https:\/\/zooexotika.ee\/ru\/wp-json\/wp\/v2\/product_brand?post=10840"},{"taxonomy":"product_cat","embeddable":true,"href":"https:\/\/zooexotika.ee\/ru\/wp-json\/wp\/v2\/product_cat?post=10840"},{"taxonomy":"product_tag","embeddable":true,"href":"https:\/\/zooexotika.ee\/ru\/wp-json\/wp\/v2\/product_tag?post=10840"},{"taxonomy":"berocket_brand","embeddable":true,"href":"https:\/\/zooexotika.ee\/ru\/wp-json\/wp\/v2\/berocket_brand?post=10840"}],"curies":[{"name":"wp","href":"https:\/\/api.w.org\/{rel}","templated":true}]}}