{"id":10853,"date":"2024-05-21T15:31:09","date_gmt":"2024-05-21T12:31:09","guid":{"rendered":"https:\/\/zooexotika.ee\/toode\/arcadia-earth-pro-bio-revitaliser-450g\/"},"modified":"2024-05-21T15:31:09","modified_gmt":"2024-05-21T12:31:09","slug":"arcadia-earth-pro-bio-revitaliser-450g","status":"publish","type":"product","link":"https:\/\/zooexotika.ee\/ru\/\u0442\u043e\u0432\u0430\u0440\/arcadia-earth-pro-bio-revitaliser-450g\/","title":{"rendered":"Arcadia Earth Pro Bio-Revitaliser 450g"},"content":{"rendered":"<p>EarthPro-BioRevitiliser on segatud ja koostatud UK k\u00f5rgeimate standardite kohaselt, et toita ja t\u00e4iendada Bio-Active s\u00fcsteeme. See aitab tagada taimede fantastilise kasvu tugevate mineraalide, mikro- ja makrotoitainete ning aminohapete \u00f5ige kohaletoimetamise kaudu. EarthPro-BioRevitiliser on valmistatud \u00dchendkuningriigi &#171;Organic&#187; vulkaanilise kivimi ja Wormi valanditest.<\/p>\n<p>Saadaval 450 g pakendis, seda saab kasutada vihmametsades v\u00f5i kuivades kohtades, olenemata sellest, kas see kasutab t\u00e4ielikku drenaa\u017eis\u00fcsteemi v\u00f5i mitte.<\/p>\n<p>Lihtsalt lisage olemasolevale substraadile ja segage hoolikalt l\u00e4bi, v\u00f5imaldades orgaanilistel toitainetel levida \u00fcle kogu kesta. Tegelikult on see nii t\u00f5hus, et seda v\u00f5iks kasutada toataimedes, aedades ja k\u00f5iges, mis vajab veidi bio-revitaliseerimist! Seda toodet saab kasutada mis tahes bioaktiivse v\u00f5i istutatud substraadiga, andes kogu keskkonnale vajaliku t\u00f5uke selles sisalduvatest aminohapetest, mineraalidest ja vulkaanilistest kivimitest.<\/p>\n","protected":false},"excerpt":{"rendered":"<p>EarthPro-BioRevitiliser on segatud ja koostatud UK k\u00f5rgeimate standardite kohaselt, et toita ja t\u00e4iendada Bio-Active s\u00fcsteeme. See aitab tagada taimede fantastilise kasvu tugevate mineraalide, mikro- ja makrotoitainete ning aminohapete \u00f5ige kohaletoimetamise kaudu. EarthPro-BioRevitiliser on valmistatud \u00dchendkuningriigi &#171;Organic&#187; vulkaanilise kivimi ja Wormi valanditest. Saadaval 450 g pakendis, seda saab kasutada vihmametsades v\u00f5i kuivades kohtades, olenemata sellest, kas &hellip; <a href=\"https:\/\/zooexotika.ee\/ru\/\u0442\u043e\u0432\u0430\u0440\/arcadia-earth-pro-bio-revitaliser-450g\/\" class=\"more-link\">Continue reading <span class=\"screen-reader-text\">Arcadia Earth Pro Bio-Revitaliser 450g<\/span><\/a><\/p>\n","protected":false},"featured_media":9625,"template":"","meta":[],"product_brand":[],"product_cat":[285,283,293],"product_tag":[],"berocket_brand":[399],"class_list":{"0":"post-10853","1":"product","2":"type-product","3":"status-publish","4":"has-post-thumbnail","6":"product_cat-285","7":"product_cat-283","8":"product_cat-293","9":"berocket_brand-arcadia-ru","12":"instock","13":"taxable","14":"shipping-taxable","15":"purchasable","16":"product-type-simple"},"_links":{"self":[{"href":"https:\/\/zooexotika.ee\/ru\/wp-json\/wp\/v2\/product\/10853","targetHints":{"allow":["GET"]}}],"collection":[{"href":"https:\/\/zooexotika.ee\/ru\/wp-json\/wp\/v2\/product"}],"about":[{"href":"https:\/\/zooexotika.ee\/ru\/wp-json\/wp\/v2\/types\/product"}],"wp:featuredmedia":[{"embeddable":true,"href":"https:\/\/zooexotika.ee\/ru\/wp-json\/wp\/v2\/media\/9625"}],"wp:attachment":[{"href":"https:\/\/zooexotika.ee\/ru\/wp-json\/wp\/v2\/media?parent=10853"}],"wp:term":[{"taxonomy":"product_brand","embeddable":true,"href":"https:\/\/zooexotika.ee\/ru\/wp-json\/wp\/v2\/product_brand?post=10853"},{"taxonomy":"product_cat","embeddable":true,"href":"https:\/\/zooexotika.ee\/ru\/wp-json\/wp\/v2\/product_cat?post=10853"},{"taxonomy":"product_tag","embeddable":true,"href":"https:\/\/zooexotika.ee\/ru\/wp-json\/wp\/v2\/product_tag?post=10853"},{"taxonomy":"berocket_brand","embeddable":true,"href":"https:\/\/zooexotika.ee\/ru\/wp-json\/wp\/v2\/berocket_brand?post=10853"}],"curies":[{"name":"wp","href":"https:\/\/api.w.org\/{rel}","templated":true}]}}